{"id":161,"date":"2018-06-28T09:15:11","date_gmt":"2018-06-28T08:15:11","guid":{"rendered":"https:\/\/losimperdibles.es\/2018\/?page_id=161"},"modified":"2018-11-22T10:41:03","modified_gmt":"2018-11-22T10:41:03","slug":"cotec","status":"publish","type":"page","link":"https:\/\/losimperdibles.es\/2018\/cotec\/","title":{"rendered":"SOBRE COTEC"},"content":{"rendered":"<p>[vc_row full_width=\u00bbstretch_row_content\u00bb bg_type=\u00bbbg_color\u00bb bg_override=\u00bbfull\u00bb bg_color_value=\u00bb#f2f2f2&#8243; css=\u00bb.vc_custom_1531919726808{margin-top: -90px !important;margin-bottom: 25px !important;padding-left: 40px !important;}\u00bb][vc_column width=\u00bb1\/2&#8243; offset=\u00bbvc_hidden-md vc_hidden-sm vc_hidden-xs\u00bb][vc_row_inner][vc_column_inner width=\u00bb1\/4&#8243;][vc_column_text]<\/p>\n<p style=\"text-align: left;\"><span style=\"font-family: bison-bold; font-size: 12.7pt;\">CON LA COLABORACI\u00d3N DE<\/span><\/p>\n<p>[\/vc_column_text][\/vc_column_inner][vc_column_inner width=\u00bb1\/6&#8243;][vc_single_image image=\u00bb794&#8243; img_size=\u00bbfull\u00bb][\/vc_column_inner][vc_column_inner width=\u00bb1\/4&#8243;][\/vc_column_inner][vc_column_inner width=\u00bb1\/3&#8243;][\/vc_column_inner][\/vc_row_inner][\/vc_column][vc_column width=\u00bb1\/2&#8243;][\/vc_column][\/vc_row][vc_row full_width=\u00bbstretch_row_content\u00bb bg_type=\u00bbimage\u00bb parallax_style=\u00bbvcpb-default\u00bb bg_image_repeat=\u00bbno-repeat\u00bb css=\u00bb.vc_custom_1530260499946{margin-top: -70px !important;}\u00bb][vc_column][vc_row_inner content_placement=\u00bbmiddle\u00bb css=\u00bb.vc_custom_1530264280582{background-color: #53c4cf !important;background-position: center !important;background-repeat: no-repeat !important;background-size: cover !important;}\u00bb el_class=\u00bbFONDO\u00bb][vc_column_inner][vc_empty_space height=\u00bb52px\u00bb]<div id=\"ultimate-heading-61736a038e816275b\" class=\"uvc-heading ult-adjust-bottom-margin ultimate-heading-61736a038e816275b uvc-2136 azul\" data-hspacer=\"no_spacer\"  data-halign=\"center\" style=\"text-align:center\"><div class=\"uvc-heading-spacer no_spacer\" style=\"top\"><\/div><div class=\"uvc-sub-heading ult-responsive\"  data-ultimate-target='.uvc-heading.ultimate-heading-61736a038e816275b .uvc-sub-heading '  data-responsive-json-new='{\"font-size\":\"desktop:50px;tablet:48px;tablet_portrait:40px;mobile_landscape:37px;mobile:34px;\",\"line-height\":\"desktop:48px;tablet:45px;tablet_portrait:35px;mobile_landscape:35px;mobile:28px;\"}'  style=\"font-weight:bold;color:#ffffff;\"><span style=\"font-family: bison-bold;\">SOBRE<\/span><\/div><\/div><div id=\"ultimate-heading-13096a038e816279c\" class=\"uvc-heading ult-adjust-bottom-margin ultimate-heading-13096a038e816279c uvc-1284 azul\" data-hspacer=\"no_spacer\"  data-halign=\"center\" style=\"text-align:center\"><div class=\"uvc-heading-spacer no_spacer\" style=\"top\"><\/div><div class=\"uvc-sub-heading ult-responsive\"  data-ultimate-target='.uvc-heading.ultimate-heading-13096a038e816279c .uvc-sub-heading '  data-responsive-json-new='{\"font-size\":\"desktop:90px;tablet:56px;tablet_portrait:50px;mobile_landscape:45px;mobile:35px;\",\"line-height\":\"desktop:90px;tablet:45px;tablet_portrait:45px;mobile_landscape:40px;mobile:28px;\"}'  style=\"font-weight:bold;color:#ffffff;\"><span style=\"font-family: bison-bold;\">COTEC<\/span><\/div><\/div>[vc_empty_space height=\u00bb72px\u00bb][\/vc_column_inner][\/vc_row_inner][vc_row_inner][vc_column_inner][vc_empty_space height=\u00bb52px\u00bb][\/vc_column_inner][\/vc_row_inner][\/vc_column][\/vc_row][vc_row][vc_column][vc_empty_space height=\u00bb70px\u00bb][vc_column_text]La Fundaci\u00f3n Cotec es una organizaci\u00f3n privada sin \u00e1nimo de lucro cuya misi\u00f3n es promover la innovaci\u00f3n como motor de desarrollo econ\u00f3mico y social. Cuenta con cerca de 100 patronos, entre empresas privadas y administraciones de los \u00e1mbitos regional y local. S.M. el Rey Felipe VI es el Presidente de Honor. Desde 2001 existe adem\u00e1s Cotec Italia, y desde 2003, Cotec Portugal.[\/vc_column_text][vc_row_inner][vc_column_inner width=\u00bb2\/3&#8243;][vc_column_text]Cotec fue creada en 1990 por iniciativa del Rey Juan Carlos I. Desde sus inicios se distingui\u00f3 por realizar una intensa labor al servicio de la innovaci\u00f3n tecnol\u00f3gica entre las empresas espa\u00f1olas. En el cumplimiento de esa misi\u00f3n, Cotec destac\u00f3 principalmente en dos actividades: servir de observatorio de la I+D+I en Espa\u00f1a, y proporcionar an\u00e1lisis y consejos en materia de innovaci\u00f3n, tecnolog\u00eda y econom\u00eda.<\/p>\n<p>En 2015 Cotec decidi\u00f3 ampliar sus retos para convertirse en un verdadero agente de cambio y provocar transformaciones estructurales que contribuyan al desarrollo de la econom\u00eda y la sociedad espa\u00f1olas. www.cotec.es Entre las iniciativas que desarrolla, destacan los Informes Cotec, que cada a\u00f1o, desde 1996, reflejan la situaci\u00f3n de la I+D+I en Espa\u00f1a a trav\u00e9s del an\u00e1lisis de los principales indicadores nacionales, auton\u00f3micos e internacionales.[\/vc_column_text][\/vc_column_inner][vc_column_inner width=\u00bb1\/3&#8243;][vc_video link=\u00bbhttps:\/\/www.youtube.com\/watch?v=GbXki4Yqu90&amp;feature=youtu.be\u00bb][\/vc_column_inner][\/vc_row_inner][vc_column_text]La Fundaci\u00f3n Cotec ha creado la plataforma de expertos #Los100deCotec, una red de especialistas en distintas \u00e1reas de conocimiento, generalmente externas al mundo de la innovaci\u00f3n, que aportan sus particulares bagajes para enriquecer los proyectos de Cotec con una visi\u00f3n poli\u00e9drica y fresca.<\/p>\n<p>Por otro lado, Cotec ha lanzado el Programa de Innovaci\u00f3n Abierta de Cotec #PIA_COTEC, una convocatoria para descubrir y financiar proyectos relacionados con la innovaci\u00f3n, con un enfoque abierto a cualquier disciplina y \u00e1rea de conocimiento.<\/p>\n<p>En 2016 Cotec puso en marcha Los Imperdibles, su evento insignia en torno a la innovaci\u00f3n. Festivales tem\u00e1ticos, especiales, irrepetibles y coleccionables, que cada a\u00f1o cambian de tema, de sede y de aliados, dise\u00f1ados para acercar la innovaci\u00f3n a todos los p\u00fablicos, proporcionando experiencias y generando emociones.[\/vc_column_text][vc_empty_space][vc_column_text css=\u00bb.vc_custom_1530180644841{margin-bottom: -3px !important;}\u00bb]<span style=\"color: #53c4cf;\"><strong><span style=\"font-size: 18pt;\">CONTACTO<\/span><\/strong><\/span>[\/vc_column_text][vc_separator color=\u00bbcustom\u00bb border_width=\u00bb2&#8243; accent_color=\u00bb#53c4cf\u00bb][vc_row_inner][vc_column_inner width=\u00bb2\/3&#8243;][\/vc_column_inner][vc_column_inner width=\u00bb1\/3&#8243;][vc_column_text]<\/p>\n<p style=\"text-align: right;\"><strong>Calle Velazquez, 24. 2\u00ba DCHA.<\/strong><br \/>\n<strong>28001 &#8211; Madrid. Espa\u00f1a<\/strong><br \/>\n<strong>(+34) 914 36 47 74<\/strong><br \/>\n<strong>fundacion.cotec@cotec.es<\/strong><\/p>\n<p>[\/vc_column_text][\/vc_column_inner][\/vc_row_inner][\/vc_column][\/vc_row]<\/p>\n","protected":false},"excerpt":{"rendered":"<p>[vc_row full_width=\u00bbstretch_row_content\u00bb bg_type=\u00bbbg_color\u00bb bg_override=\u00bbfull\u00bb bg_color_value=\u00bb#f2f2f2&#8243; css=\u00bb.vc_custom_1531919726808{margin-top: -90px !important;margin-bottom: 25px !important;padding-left: 40px !important;}\u00bb][vc_column width=\u00bb1\/2&#8243; offset=\u00bbvc_hidden-md vc_hidden-sm vc_hidden-xs\u00bb][vc_row_inner][vc_column_inner width=\u00bb1\/4&#8243;][vc_column_text] CON LA COLABORACI\u00d3N DE [\/vc_column_text][\/vc_column_inner][vc_column_inner width=\u00bb1\/6&#8243;][vc_single_image image=\u00bb794&#8243; img_size=\u00bbfull\u00bb][\/vc_column_inner][vc_column_inner width=\u00bb1\/4&#8243;][\/vc_column_inner][vc_column_inner width=\u00bb1\/3&#8243;][\/vc_column_inner][\/vc_row_inner][\/vc_column][vc_column width=\u00bb1\/2&#8243;][\/vc_column][\/vc_row][vc_row full_width=\u00bbstretch_row_content\u00bb bg_type=\u00bbimage\u00bb parallax_style=\u00bbvcpb-default\u00bb bg_image_repeat=\u00bbno-repeat\u00bb css=\u00bb.vc_custom_1530260499946{margin-top: -70px !important;}\u00bb][vc_column][vc_row_inner content_placement=\u00bbmiddle\u00bb css=\u00bb.vc_custom_1530264280582{background-color: #53c4cf !important;background-position: center !important;background-repeat: no-repeat !important;background-size: cover !important;}\u00bb el_class=\u00bbFONDO\u00bb][vc_column_inner][vc_empty_space height=\u00bb52px\u00bb][vc_empty_space height=\u00bb72px\u00bb][\/vc_column_inner][\/vc_row_inner][vc_row_inner][vc_column_inner][vc_empty_space height=\u00bb52px\u00bb][\/vc_column_inner][\/vc_row_inner][\/vc_column][\/vc_row][vc_row][vc_column][vc_empty_space height=\u00bb70px\u00bb][vc_column_text]La Fundaci\u00f3n Cotec es una organizaci\u00f3n&hellip;<\/p>\n","protected":false},"author":1,"featured_media":0,"parent":0,"menu_order":0,"comment_status":"closed","ping_status":"closed","template":"","meta":[],"yoast_head":"<!-- This site is optimized with the Yoast SEO plugin v18.6 - https:\/\/yoast.com\/wordpress\/plugins\/seo\/ -->\n<title>SOBRE COTEC - Los Imperdibles<\/title>\n<meta name=\"description\" content=\"La Fundaci\u00f3n Cotec es una organizaci\u00f3n privada sin \u00e1nimo de lucro cuya misi\u00f3n es promover la innovaci\u00f3n como motor de desarrollo econ\u00f3mico y social.\" \/>\n<meta name=\"robots\" content=\"index, follow, max-snippet:-1, max-image-preview:large, max-video-preview:-1\" \/>\n<link rel=\"canonical\" href=\"https:\/\/losimperdibles.es\/2018\/cotec\/\" \/>\n<meta property=\"og:locale\" content=\"es_ES\" \/>\n<meta property=\"og:type\" content=\"article\" \/>\n<meta property=\"og:title\" content=\"SOBRE COTEC - Los Imperdibles\" \/>\n<meta property=\"og:description\" content=\"La Fundaci\u00f3n Cotec es una organizaci\u00f3n privada sin \u00e1nimo de lucro cuya misi\u00f3n es promover la innovaci\u00f3n como motor de desarrollo econ\u00f3mico y social.\" \/>\n<meta property=\"og:url\" content=\"https:\/\/losimperdibles.es\/2018\/cotec\/\" \/>\n<meta property=\"og:site_name\" content=\"Los Imperdibles\" \/>\n<meta property=\"article:modified_time\" content=\"2018-11-22T10:41:03+00:00\" \/>\n<meta name=\"twitter:card\" content=\"summary_large_image\" \/>\n<meta name=\"twitter:label1\" content=\"Tiempo de lectura\" \/>\n\t<meta name=\"twitter:data1\" content=\"4 minutos\" \/>\n<script type=\"application\/ld+json\" class=\"yoast-schema-graph\">{\"@context\":\"https:\/\/schema.org\",\"@graph\":[{\"@type\":\"WebSite\",\"@id\":\"https:\/\/losimperdibles.es\/2018\/#website\",\"url\":\"https:\/\/losimperdibles.es\/2018\/\",\"name\":\"Los Imperdibles\",\"description\":\"\",\"potentialAction\":[{\"@type\":\"SearchAction\",\"target\":{\"@type\":\"EntryPoint\",\"urlTemplate\":\"https:\/\/losimperdibles.es\/2018\/?s={search_term_string}\"},\"query-input\":\"required name=search_term_string\"}],\"inLanguage\":\"es\"},{\"@type\":\"WebPage\",\"@id\":\"https:\/\/losimperdibles.es\/2018\/cotec\/#webpage\",\"url\":\"https:\/\/losimperdibles.es\/2018\/cotec\/\",\"name\":\"SOBRE COTEC - Los Imperdibles\",\"isPartOf\":{\"@id\":\"https:\/\/losimperdibles.es\/2018\/#website\"},\"datePublished\":\"2018-06-28T08:15:11+00:00\",\"dateModified\":\"2018-11-22T10:41:03+00:00\",\"description\":\"La Fundaci\u00f3n Cotec es una organizaci\u00f3n privada sin \u00e1nimo de lucro cuya misi\u00f3n es promover la innovaci\u00f3n como motor de desarrollo econ\u00f3mico y social.\",\"breadcrumb\":{\"@id\":\"https:\/\/losimperdibles.es\/2018\/cotec\/#breadcrumb\"},\"inLanguage\":\"es\",\"potentialAction\":[{\"@type\":\"ReadAction\",\"target\":[\"https:\/\/losimperdibles.es\/2018\/cotec\/\"]}]},{\"@type\":\"BreadcrumbList\",\"@id\":\"https:\/\/losimperdibles.es\/2018\/cotec\/#breadcrumb\",\"itemListElement\":[{\"@type\":\"ListItem\",\"position\":1,\"name\":\"Portada\",\"item\":\"https:\/\/losimperdibles.es\/2018\/\"},{\"@type\":\"ListItem\",\"position\":2,\"name\":\"SOBRE COTEC\"}]}]}<\/script>\n<!-- \/ Yoast SEO plugin. -->","yoast_head_json":{"title":"SOBRE COTEC - Los Imperdibles","description":"La Fundaci\u00f3n Cotec es una organizaci\u00f3n privada sin \u00e1nimo de lucro cuya misi\u00f3n es promover la innovaci\u00f3n como motor de desarrollo econ\u00f3mico y social.","robots":{"index":"index","follow":"follow","max-snippet":"max-snippet:-1","max-image-preview":"max-image-preview:large","max-video-preview":"max-video-preview:-1"},"canonical":"https:\/\/losimperdibles.es\/2018\/cotec\/","og_locale":"es_ES","og_type":"article","og_title":"SOBRE COTEC - Los Imperdibles","og_description":"La Fundaci\u00f3n Cotec es una organizaci\u00f3n privada sin \u00e1nimo de lucro cuya misi\u00f3n es promover la innovaci\u00f3n como motor de desarrollo econ\u00f3mico y social.","og_url":"https:\/\/losimperdibles.es\/2018\/cotec\/","og_site_name":"Los Imperdibles","article_modified_time":"2018-11-22T10:41:03+00:00","twitter_card":"summary_large_image","twitter_misc":{"Tiempo de lectura":"4 minutos"},"schema":{"@context":"https:\/\/schema.org","@graph":[{"@type":"WebSite","@id":"https:\/\/losimperdibles.es\/2018\/#website","url":"https:\/\/losimperdibles.es\/2018\/","name":"Los Imperdibles","description":"","potentialAction":[{"@type":"SearchAction","target":{"@type":"EntryPoint","urlTemplate":"https:\/\/losimperdibles.es\/2018\/?s={search_term_string}"},"query-input":"required name=search_term_string"}],"inLanguage":"es"},{"@type":"WebPage","@id":"https:\/\/losimperdibles.es\/2018\/cotec\/#webpage","url":"https:\/\/losimperdibles.es\/2018\/cotec\/","name":"SOBRE COTEC - Los Imperdibles","isPartOf":{"@id":"https:\/\/losimperdibles.es\/2018\/#website"},"datePublished":"2018-06-28T08:15:11+00:00","dateModified":"2018-11-22T10:41:03+00:00","description":"La Fundaci\u00f3n Cotec es una organizaci\u00f3n privada sin \u00e1nimo de lucro cuya misi\u00f3n es promover la innovaci\u00f3n como motor de desarrollo econ\u00f3mico y social.","breadcrumb":{"@id":"https:\/\/losimperdibles.es\/2018\/cotec\/#breadcrumb"},"inLanguage":"es","potentialAction":[{"@type":"ReadAction","target":["https:\/\/losimperdibles.es\/2018\/cotec\/"]}]},{"@type":"BreadcrumbList","@id":"https:\/\/losimperdibles.es\/2018\/cotec\/#breadcrumb","itemListElement":[{"@type":"ListItem","position":1,"name":"Portada","item":"https:\/\/losimperdibles.es\/2018\/"},{"@type":"ListItem","position":2,"name":"SOBRE COTEC"}]}]}},"_links":{"self":[{"href":"https:\/\/losimperdibles.es\/2018\/wp-json\/wp\/v2\/pages\/161"}],"collection":[{"href":"https:\/\/losimperdibles.es\/2018\/wp-json\/wp\/v2\/pages"}],"about":[{"href":"https:\/\/losimperdibles.es\/2018\/wp-json\/wp\/v2\/types\/page"}],"author":[{"embeddable":true,"href":"https:\/\/losimperdibles.es\/2018\/wp-json\/wp\/v2\/users\/1"}],"replies":[{"embeddable":true,"href":"https:\/\/losimperdibles.es\/2018\/wp-json\/wp\/v2\/comments?post=161"}],"version-history":[{"count":11,"href":"https:\/\/losimperdibles.es\/2018\/wp-json\/wp\/v2\/pages\/161\/revisions"}],"predecessor-version":[{"id":1844,"href":"https:\/\/losimperdibles.es\/2018\/wp-json\/wp\/v2\/pages\/161\/revisions\/1844"}],"wp:attachment":[{"href":"https:\/\/losimperdibles.es\/2018\/wp-json\/wp\/v2\/media?parent=161"}],"curies":[{"name":"wp","href":"https:\/\/api.w.org\/{rel}","templated":true}]}}