{"id":2532,"date":"2019-03-15T15:11:12","date_gmt":"2019-03-15T15:11:12","guid":{"rendered":"https:\/\/losimperdibles.es\/2018\/?page_id=2532"},"modified":"2019-03-15T15:16:59","modified_gmt":"2019-03-15T15:16:59","slug":"informacion-2","status":"publish","type":"page","link":"https:\/\/losimperdibles.es\/2018\/informacion-2\/","title":{"rendered":"Informaci\u00f3n"},"content":{"rendered":"<p>[vc_row full_width=\u00bbstretch_row_content_no_spaces\u00bb bg_type=\u00bbimage\u00bb parallax_style=\u00bbvcpb-default\u00bb bg_image_new=\u00bbid^2533|url^https:\/\/losimperdibles.es\/2018\/wp-content\/uploads\/2019\/03\/Recurso-28.png|caption^null|alt^null|title^Recurso 28|description^null\u00bb bg_image_repeat=\u00bbno-repeat\u00bb bg_override=\u00bbfull\u00bb css=\u00bb.vc_custom_1552661369864{margin-top: -70px !important;}\u00bb][vc_column]<div class=\"ult-spacer spacer-69d24381638c7\" data-id=\"69d24381638c7\" data-height=\"50\" data-height-mobile=\"50\" data-height-tab=\"50\" data-height-tab-portrait=\"50\" data-height-mobile-landscape=\"50\" style=\"clear:both;display:block;\"><\/div>[vc_row_inner content_placement=\u00bbmiddle\u00bb css=\u00bb.vc_custom_1552661418852{padding-right: 10% !important;padding-left: 10% !important;background-position: center !important;background-repeat: no-repeat !important;background-size: contain !important;}\u00bb][vc_column_inner][vc_column_text]<\/p>\n<h4 style=\"text-align: center;\"><span style=\"font-size: 36pt; color: #000000; font-family: dosis-extrabold;\">EN #IMPERDIBLE_04<br \/>\nTRANSFORMAMOS EL MUNDO.<\/span><\/h4>\n<p>[\/vc_column_text][\/vc_column_inner][\/vc_row_inner]<div class=\"ult-spacer spacer-69d24381638ee\" data-id=\"69d24381638ee\" data-height=\"50\" data-height-mobile=\"50\" data-height-tab=\"50\" data-height-tab-portrait=\"50\" data-height-mobile-landscape=\"50\" style=\"clear:both;display:block;\"><\/div>[\/vc_column][\/vc_row][vc_row bg_type=\u00bbimage\u00bb parallax_style=\u00bbvcpb-default\u00bb bg_image_new=\u00bbid^2536|url^https:\/\/losimperdibles.es\/2018\/wp-content\/uploads\/2019\/03\/Recurso-20.jpg|caption^null|alt^null|title^Recurso 20|description^null\u00bb bg_image_repeat=\u00bbno-repeat\u00bb bg_override=\u00bbfull\u00bb][vc_column][vc_empty_space][vc_column_text]<\/p>\n<h3 style=\"text-align: center;\"><span style=\"font-family: dosis-extrabold; color: #ffffff;\">#IMPERDIBLE_04 CONSTITUYE LA CUARTA ENTREGA DE LOS EVENTOS INSIGNIA DE LA<\/span><br \/>\n<span style=\"font-family: dosis-extrabold; color: #ffffff;\">FUNDACI\u00d3N COTEC. UNA EXPERIENCIA COLECCIONABLE, \u00daNICA E IRREPETIBLE EN TORNO A LA<\/span><br \/>\n<span style=\"font-family: dosis-extrabold; color: #ffffff;\">INNOVACI\u00d3N QUE ESTE A\u00d1O TENDR\u00c1 COMO PROTAGONISTA EL PLANETA.<\/span><\/h3>\n<p>[\/vc_column_text][vc_empty_space][\/vc_column][\/vc_row][vc_row content_placement=\u00bbmiddle\u00bb bg_type=\u00bbbg_color\u00bb bg_override=\u00bbfull\u00bb bg_color_value=\u00bb#ffffff\u00bb][vc_column width=\u00bb1\/2&#8243;][vc_column_text]#Imperdible_04 tiene como objetivo contribuir al desarrollo de una sociedad sostenible e igualitaria visibilizando los 17 Objetivos de Desarrollo Sostenible que plantea la Agenda2030.<\/p>\n<p>La cuarta edici\u00f3n de Imperdible, que cuenta con la colaboraci\u00f3n del Ayuntamiento, pretende dar a conocer cada uno de estos objetivos y subrayar el papel fundamental de la innovaci\u00f3n para la consecuci\u00f3n de los 17 ODS.<\/p>\n<p>La Agenda 2030 es una respuesta para hacer frente a los retos globales a los que se enfrenta la comunidad internacional con el fin de erradicar la pobreza, extender el acceso a los derechos humanos y luchar contra el cambio clim\u00e1tico.[\/vc_column_text][\/vc_column][vc_column width=\u00bb1\/2&#8243;][vc_single_image image=\u00bb2539&#8243; img_size=\u00bbfull\u00bb alignment=\u00bbcenter\u00bb][\/vc_column][vc_column][vc_column_text]<\/p>\n<h3 style=\"text-align: center;\"><span style=\"font-family: dosis-extrabold;\">ESTE FESTIVAL, GRATUITO Y PARA TODOS LOS P\u00daBLICOS, OFRECE DIFERENTES EXPERIENCIAS INNOVADORAS PARA DESPERTAR EMOCIONES. SE CELEBRAR\u00c1 EN 2019,<br \/>\n<span style=\"color: #25b9e1;\">EL 7 DE JUNIO EN LA NAVE DE VILLAVERDE DE MADRID.<\/span><\/span><\/h3>\n<p>[\/vc_column_text][vc_single_image image=\u00bb2541&#8243; img_size=\u00bbfull\u00bb][\/vc_column][\/vc_row][vc_row full_width=\u00bbstretch_row_content_no_spaces\u00bb gap=\u00bb35&#8243; bg_type=\u00bbimage\u00bb parallax_style=\u00bbvcpb-default\u00bb bg_image_new=\u00bbid^2471|url^https:\/\/losimperdibles.es\/2018\/wp-content\/uploads\/2019\/03\/iconos-fondo-p\u00e1gina.png|caption^null|alt^null|title^iconos fondo p\u00e1gina|description^null\u00bb css=\u00bb.vc_custom_1552662551968{padding-right: 5% !important;padding-left: 5% !important;background-color: #ffffff !important;background-position: center !important;background-repeat: no-repeat !important;background-size: cover !important;}\u00bb][vc_column width=\u00bb1\/2&#8243;][vc_empty_space][vc_row_inner css=\u00bb.vc_custom_1552601759958{padding-right: 5% !important;padding-left: 5% !important;}\u00bb][vc_column_inner width=\u00bb1\/2&#8243;]<div class=\"uavc-list-icon uavc-list-icon-wrapper ult-adjust-bottom-margin   \"><ul class=\"uavc-list\"><li><div class=\"uavc-list-content\" id=\"list-icon-wrap-6983\">\n<div class=\"uavc-list-icon  \" data-animation=\"\" data-animation-delay=\"03\" style=\"margin-right:12px;\"><div class=\"ult-just-icon-wrapper  \"><div class=\"align-icon\" style=\"text-align:center;\">\n<div class=\"aio-icon-img \" style=\"font-size:47px;display:inline-block;\" >\n\t<img class=\"img-icon\" alt=\"null\" src=\"https:\/\/losimperdibles.es\/2018\/wp-content\/uploads\/2019\/03\/Recurso-23.png\"\/>\n<\/div><\/div><\/div>\n<\/div><span  data-ultimate-target='#list-icon-wrap-6983 .uavc-list-desc'  data-responsive-json-new='{\"font-size\":\"\",\"line-height\":\"\"}'  class=\"uavc-list-desc ult-responsive\" style=\"\"><\/p>\n<h4><span style=\"color: #ffffff;\">IMPERDIBLE_03<\/span><\/h4>\n<p><\/span><\/div><\/li><\/ul><\/div>[\/vc_column_inner][vc_column_inner width=\u00bb1\/2&#8243;][\/vc_column_inner][\/vc_row_inner][vc_column_text css=\u00bb.vc_custom_1552662660471{border-right-width: 1px !important;padding-right: 20px !important;padding-left: 20px !important;border-right-color: #000000 !important;border-right-style: solid !important;}\u00bb]La tercera entrega de Imperdible nos permiti\u00f3 asomarnos al futuro de las ciudades. Se escogi\u00f3 el Fern\u00e1n G\u00f3mez Centro Cultural de la Villa y la Plaza de Col\u00f3n para el desarrollo de m\u00e1s de 40 actividades que trataban de mostrar las soluciones que est\u00e1 aportando la innovaci\u00f3n a los grandes retos de las ciudades.[\/vc_column_text][\/vc_column][vc_column width=\u00bb1\/2&#8243;]<div class=\"ult-spacer spacer-69d2438164736\" data-id=\"69d2438164736\" data-height=\"70\" data-height-mobile=\"20\" data-height-tab=\"30\" data-height-tab-portrait=\"20\" data-height-mobile-landscape=\"20\" style=\"clear:both;display:block;\"><\/div>[vc_empty_space][vc_video link=\u00bbhttps:\/\/www.youtube.com\/watch?v=64WPTJeInrg\u00bb css=\u00bb.vc_custom_1552662390185{border-top-width: 10px !important;border-right-width: 10px !important;border-bottom-width: 10px !important;border-left-width: 10px !important;border-left-color: #bae1ef !important;border-left-style: solid !important;border-right-color: #bae1ef !important;border-right-style: solid !important;border-top-color: #bae1ef !important;border-top-style: solid !important;border-bottom-color: #bae1ef !important;border-bottom-style: solid !important;}\u00bb][\/vc_column][\/vc_row][vc_row full_width=\u00bbstretch_row_content_no_spaces\u00bb gap=\u00bb35&#8243; bg_type=\u00bbimage\u00bb parallax_style=\u00bbvcpb-default\u00bb bg_image_new=\u00bbid^2471|url^https:\/\/losimperdibles.es\/2018\/wp-content\/uploads\/2019\/03\/iconos-fondo-p\u00e1gina.png|caption^null|alt^null|title^iconos fondo p\u00e1gina|description^null\u00bb css=\u00bb.vc_custom_1552662551968{padding-right: 5% !important;padding-left: 5% !important;background-color: #ffffff !important;background-position: center !important;background-repeat: no-repeat !important;background-size: cover !important;}\u00bb][vc_column width=\u00bb1\/2&#8243;]<div class=\"ult-spacer spacer-69d243816474c\" data-id=\"69d243816474c\" data-height=\"70\" data-height-mobile=\"20\" data-height-tab=\"30\" data-height-tab-portrait=\"20\" data-height-mobile-landscape=\"20\" style=\"clear:both;display:block;\"><\/div>[vc_empty_space][vc_video link=\u00bbhttps:\/\/www.youtube.com\/watch?v=L-CVBTLj8mA&amp;list=PL5X-XE7Uvnfl8NMYUI_kmV1IkvgySvWdh\u00bb css=\u00bb.vc_custom_1552662851912{border-top-width: 10px !important;border-right-width: 10px !important;border-bottom-width: 10px !important;border-left-width: 10px !important;border-left-color: #bae1ef !important;border-left-style: solid !important;border-right-color: #bae1ef !important;border-right-style: solid !important;border-top-color: #bae1ef !important;border-top-style: solid !important;border-bottom-color: #bae1ef !important;border-bottom-style: solid !important;}\u00bb][\/vc_column][vc_column width=\u00bb1\/2&#8243;][vc_empty_space][vc_row_inner css=\u00bb.vc_custom_1552601759958{padding-right: 5% !important;padding-left: 5% !important;}\u00bb][vc_column_inner width=\u00bb1\/2&#8243;][\/vc_column_inner][vc_column_inner width=\u00bb1\/2&#8243;]<div class=\"uavc-list-icon uavc-list-icon-wrapper ult-adjust-bottom-margin   \"><ul class=\"uavc-list\"><li><div class=\"uavc-list-content\" id=\"list-icon-wrap-2575\">\n<div class=\"uavc-list-icon  \" data-animation=\"\" data-animation-delay=\"03\" style=\"margin-right:12px;\"><div class=\"ult-just-icon-wrapper  \"><div class=\"align-icon\" style=\"text-align:center;\">\n<div class=\"aio-icon-img \" style=\"font-size:47px;display:inline-block;\" >\n\t<img class=\"img-icon\" alt=\"null\" src=\"https:\/\/losimperdibles.es\/2018\/wp-content\/uploads\/2019\/03\/Recurso-24.png\"\/>\n<\/div><\/div><\/div>\n<\/div><span  data-ultimate-target='#list-icon-wrap-2575 .uavc-list-desc'  data-responsive-json-new='{\"font-size\":\"\",\"line-height\":\"\"}'  class=\"uavc-list-desc ult-responsive\" style=\"\"><\/p>\n<h4><span style=\"color: #ffffff;\">IMPERDIBLE_02<\/span><\/h4>\n<p><\/span><\/div><\/li><\/ul><\/div>[\/vc_column_inner][\/vc_row_inner][vc_column_text css=\u00bb.vc_custom_1552662819076{border-left-width: 1px !important;padding-right: 20px !important;padding-left: 20px !important;border-left-color: #000000 !important;border-left-style: solid !important;}\u00bb]#Imperdible_02 trat\u00f3 la innovaci\u00f3n en el mundo del f\u00fatbol. Fue uno de los \u00faltimos eventos que tuvo lugar en el Estadio Vicente Calder\u00f3n y acogi\u00f3 m\u00e1s de 30 actividades relacionadas con este deporte. El objetivo de la Fundaci\u00f3n Cotec fue mostrar c\u00f3mo el f\u00fatbol, a trav\u00e9s de la innovaci\u00f3n, se convierten un motor de desarrollo econ\u00f3mico y social.[\/vc_column_text][\/vc_column][\/vc_row][vc_row full_width=\u00bbstretch_row_content_no_spaces\u00bb gap=\u00bb35&#8243; bg_type=\u00bbimage\u00bb parallax_style=\u00bbvcpb-default\u00bb bg_image_new=\u00bbid^2471|url^https:\/\/losimperdibles.es\/2018\/wp-content\/uploads\/2019\/03\/iconos-fondo-p\u00e1gina.png|caption^null|alt^null|title^iconos fondo p\u00e1gina|description^null\u00bb css=\u00bb.vc_custom_1552662551968{padding-right: 5% !important;padding-left: 5% !important;background-color: #ffffff !important;background-position: center !important;background-repeat: no-repeat !important;background-size: cover !important;}\u00bb][vc_column width=\u00bb1\/2&#8243;][vc_empty_space][vc_row_inner css=\u00bb.vc_custom_1552601759958{padding-right: 5% !important;padding-left: 5% !important;}\u00bb][vc_column_inner width=\u00bb1\/2&#8243;]<div class=\"uavc-list-icon uavc-list-icon-wrapper ult-adjust-bottom-margin   \"><ul class=\"uavc-list\"><li><div class=\"uavc-list-content\" id=\"list-icon-wrap-7314\">\n<div class=\"uavc-list-icon  \" data-animation=\"\" data-animation-delay=\"03\" style=\"margin-right:12px;\"><div class=\"ult-just-icon-wrapper  \"><div class=\"align-icon\" style=\"text-align:center;\">\n<div class=\"aio-icon-img \" style=\"font-size:47px;display:inline-block;\" >\n\t<img class=\"img-icon\" alt=\"null\" src=\"https:\/\/losimperdibles.es\/2018\/wp-content\/uploads\/2019\/03\/Recurso-25.png\"\/>\n<\/div><\/div><\/div>\n<\/div><span  data-ultimate-target='#list-icon-wrap-7314 .uavc-list-desc'  data-responsive-json-new='{\"font-size\":\"\",\"line-height\":\"\"}'  class=\"uavc-list-desc ult-responsive\" style=\"\"><\/p>\n<h4><span style=\"color: #ffffff;\">IMPERDIBLE_01<\/span><\/h4>\n<p><\/span><\/div><\/li><\/ul><\/div>[\/vc_column_inner][vc_column_inner width=\u00bb1\/2&#8243;][\/vc_column_inner][\/vc_row_inner][vc_column_text css=\u00bb.vc_custom_1552662955368{border-right-width: 1px !important;padding-right: 20px !important;padding-left: 20px !important;border-right-color: #000000 !important;border-right-style: solid !important;}\u00bb]La idea de estos eventos especiales, irrepetibles y coleccionables naci\u00f3 en 2016 con una primera entrega dedicada a la m\u00fasica, la tecnolog\u00eda, la creatividad, la experimentaci\u00f3n y el arte. #Imperdible_01 cont\u00f3 con la colaboraci\u00f3n de S\u00f3nar+D y el Ayuntamiento de Madrid. Se celebr\u00f3 en La N@ve (antigua f\u00e1brica Boetticher), en el distrito de Villaverde (Madrid).[\/vc_column_text][\/vc_column][vc_column width=\u00bb1\/2&#8243;]<div class=\"ult-spacer spacer-69d24381651bd\" data-id=\"69d24381651bd\" data-height=\"70\" data-height-mobile=\"20\" data-height-tab=\"30\" data-height-tab-portrait=\"20\" data-height-mobile-landscape=\"20\" style=\"clear:both;display:block;\"><\/div>[vc_empty_space][vc_video link=\u00bbhttps:\/\/www.youtube.com\/watch?v=OQr_agFu46I\u00bb css=\u00bb.vc_custom_1552663013798{border-top-width: 10px !important;border-right-width: 10px !important;border-bottom-width: 10px !important;border-left-width: 10px !important;border-left-color: #bae1ef !important;border-left-style: solid !important;border-right-color: #bae1ef !important;border-right-style: solid !important;border-top-color: #bae1ef !important;border-top-style: solid !important;border-bottom-color: #bae1ef !important;border-bottom-style: solid !important;}\u00bb][\/vc_column][\/vc_row][vc_row full_width=\u00bbstretch_row_content_no_spaces\u00bb bg_type=\u00bbimage\u00bb parallax_style=\u00bbvcpb-default\u00bb bg_image_new=\u00bbid^2471|url^https:\/\/losimperdibles.es\/2018\/wp-content\/uploads\/2019\/03\/iconos-fondo-p\u00e1gina.png|caption^null|alt^null|title^iconos fondo p\u00e1gina|description^null\u00bb css=\u00bb.vc_custom_1552606086371{margin-bottom: -70px !important;background-color: #ffffff !important;background-position: center !important;background-repeat: no-repeat !important;background-size: cover !important;}\u00bb][vc_column][vc_row_inner css=\u00bb.vc_custom_1552601759958{padding-right: 5% !important;padding-left: 5% !important;}\u00bb][vc_column_inner width=\u00bb1\/4&#8243;]<div class=\"uavc-list-icon uavc-list-icon-wrapper ult-adjust-bottom-margin   \"><ul class=\"uavc-list\"><li><div class=\"uavc-list-content\" id=\"list-icon-wrap-6439\">\n<div class=\"uavc-list-icon  \" data-animation=\"\" data-animation-delay=\"03\" style=\"margin-right:12px;\"><div class=\"ult-just-icon-wrapper  \"><div class=\"align-icon\" style=\"text-align:center;\">\n<div class=\"aio-icon-img \" style=\"font-size:47px;display:inline-block;\" >\n\t<img class=\"img-icon\" alt=\"null\" src=\"https:\/\/losimperdibles.es\/2018\/wp-content\/uploads\/2019\/03\/colaboradores.png\"\/>\n<\/div><\/div><\/div>\n<\/div><span  data-ultimate-target='#list-icon-wrap-6439 .uavc-list-desc'  data-responsive-json-new='{\"font-size\":\"\",\"line-height\":\"\"}'  class=\"uavc-list-desc ult-responsive\" style=\"\"><\/p>\n<h4><span style=\"color: #ffffff;\">COLABORADORES<\/span><\/h4>\n<p><\/span><\/div><\/li><\/ul><\/div>[vc_single_image image=\u00bb2476&#8243; img_size=\u00bbfull\u00bb][\/vc_column_inner][vc_column_inner width=\u00bb1\/2&#8243;][\/vc_column_inner][vc_column_inner width=\u00bb1\/4&#8243;][\/vc_column_inner][\/vc_row_inner][vc_empty_space height=\u00bb42px\u00bb][\/vc_column][\/vc_row]<\/p>\n","protected":false},"excerpt":{"rendered":"<p>[vc_row full_width=\u00bbstretch_row_content_no_spaces\u00bb bg_type=\u00bbimage\u00bb parallax_style=\u00bbvcpb-default\u00bb bg_image_new=\u00bbid^2533|url^https:\/\/losimperdibles.es\/2018\/wp-content\/uploads\/2019\/03\/Recurso-28.png|caption^null|alt^null|title^Recurso 28|description^null\u00bb bg_image_repeat=\u00bbno-repeat\u00bb bg_override=\u00bbfull\u00bb css=\u00bb.vc_custom_1552661369864{margin-top: -70px !important;}\u00bb][vc_column][vc_row_inner content_placement=\u00bbmiddle\u00bb css=\u00bb.vc_custom_1552661418852{padding-right: 10% !important;padding-left: 10% !important;background-position: center !important;background-repeat: no-repeat !important;background-size: contain !important;}\u00bb][vc_column_inner][vc_column_text] EN #IMPERDIBLE_04 TRANSFORMAMOS EL MUNDO. [\/vc_column_text][\/vc_column_inner][\/vc_row_inner][\/vc_column][\/vc_row][vc_row bg_type=\u00bbimage\u00bb parallax_style=\u00bbvcpb-default\u00bb bg_image_new=\u00bbid^2536|url^https:\/\/losimperdibles.es\/2018\/wp-content\/uploads\/2019\/03\/Recurso-20.jpg|caption^null|alt^null|title^Recurso 20|description^null\u00bb bg_image_repeat=\u00bbno-repeat\u00bb bg_override=\u00bbfull\u00bb][vc_column][vc_empty_space][vc_column_text] #IMPERDIBLE_04 CONSTITUYE LA CUARTA ENTREGA DE LOS EVENTOS INSIGNIA DE LA FUNDACI\u00d3N COTEC. UNA EXPERIENCIA COLECCIONABLE, \u00daNICA E IRREPETIBLE EN&hellip;<\/p>\n","protected":false},"author":1,"featured_media":0,"parent":0,"menu_order":0,"comment_status":"closed","ping_status":"closed","template":"template-microsite.php","meta":[],"yoast_head":"<!-- This site is optimized with the Yoast SEO plugin v18.6 - https:\/\/yoast.com\/wordpress\/plugins\/seo\/ -->\n<title>Informaci\u00f3n - Los Imperdibles<\/title>\n<meta name=\"robots\" content=\"index, follow, max-snippet:-1, max-image-preview:large, max-video-preview:-1\" \/>\n<link rel=\"canonical\" href=\"https:\/\/losimperdibles.es\/2018\/informacion-2\/\" \/>\n<meta property=\"og:locale\" content=\"es_ES\" \/>\n<meta property=\"og:type\" content=\"article\" \/>\n<meta property=\"og:title\" content=\"Informaci\u00f3n - Los Imperdibles\" \/>\n<meta property=\"og:description\" content=\"[vc_row full_width=\u00bbstretch_row_content_no_spaces\u00bb bg_type=\u00bbimage\u00bb parallax_style=\u00bbvcpb-default\u00bb bg_image_new=\u00bbid^2533|url^https:\/\/losimperdibles.es\/2018\/wp-content\/uploads\/2019\/03\/Recurso-28.png|caption^null|alt^null|title^Recurso 28|description^null\u00bb bg_image_repeat=\u00bbno-repeat\u00bb bg_override=\u00bbfull\u00bb css=\u00bb.vc_custom_1552661369864{margin-top: -70px !important;}\u00bb][vc_column][vc_row_inner content_placement=\u00bbmiddle\u00bb css=\u00bb.vc_custom_1552661418852{padding-right: 10% !important;padding-left: 10% !important;background-position: center !important;background-repeat: no-repeat !important;background-size: contain !important;}\u00bb][vc_column_inner][vc_column_text] EN #IMPERDIBLE_04 TRANSFORMAMOS EL MUNDO. [\/vc_column_text][\/vc_column_inner][\/vc_row_inner][\/vc_column][\/vc_row][vc_row bg_type=\u00bbimage\u00bb parallax_style=\u00bbvcpb-default\u00bb bg_image_new=\u00bbid^2536|url^https:\/\/losimperdibles.es\/2018\/wp-content\/uploads\/2019\/03\/Recurso-20.jpg|caption^null|alt^null|title^Recurso 20|description^null\u00bb bg_image_repeat=\u00bbno-repeat\u00bb bg_override=\u00bbfull\u00bb][vc_column][vc_empty_space][vc_column_text] #IMPERDIBLE_04 CONSTITUYE LA CUARTA ENTREGA DE LOS EVENTOS INSIGNIA DE LA FUNDACI\u00d3N COTEC. UNA EXPERIENCIA COLECCIONABLE, \u00daNICA E IRREPETIBLE EN&hellip;\" \/>\n<meta property=\"og:url\" content=\"https:\/\/losimperdibles.es\/2018\/informacion-2\/\" \/>\n<meta property=\"og:site_name\" content=\"Los Imperdibles\" \/>\n<meta property=\"article:modified_time\" content=\"2019-03-15T15:16:59+00:00\" \/>\n<meta name=\"twitter:card\" content=\"summary_large_image\" \/>\n<meta name=\"twitter:label1\" content=\"Tiempo de lectura\" \/>\n\t<meta name=\"twitter:data1\" content=\"7 minutos\" \/>\n<script type=\"application\/ld+json\" class=\"yoast-schema-graph\">{\"@context\":\"https:\/\/schema.org\",\"@graph\":[{\"@type\":\"WebSite\",\"@id\":\"https:\/\/losimperdibles.es\/2018\/#website\",\"url\":\"https:\/\/losimperdibles.es\/2018\/\",\"name\":\"Los Imperdibles\",\"description\":\"\",\"potentialAction\":[{\"@type\":\"SearchAction\",\"target\":{\"@type\":\"EntryPoint\",\"urlTemplate\":\"https:\/\/losimperdibles.es\/2018\/?s={search_term_string}\"},\"query-input\":\"required name=search_term_string\"}],\"inLanguage\":\"es\"},{\"@type\":\"WebPage\",\"@id\":\"https:\/\/losimperdibles.es\/2018\/informacion-2\/#webpage\",\"url\":\"https:\/\/losimperdibles.es\/2018\/informacion-2\/\",\"name\":\"Informaci\u00f3n - Los Imperdibles\",\"isPartOf\":{\"@id\":\"https:\/\/losimperdibles.es\/2018\/#website\"},\"datePublished\":\"2019-03-15T15:11:12+00:00\",\"dateModified\":\"2019-03-15T15:16:59+00:00\",\"breadcrumb\":{\"@id\":\"https:\/\/losimperdibles.es\/2018\/informacion-2\/#breadcrumb\"},\"inLanguage\":\"es\",\"potentialAction\":[{\"@type\":\"ReadAction\",\"target\":[\"https:\/\/losimperdibles.es\/2018\/informacion-2\/\"]}]},{\"@type\":\"BreadcrumbList\",\"@id\":\"https:\/\/losimperdibles.es\/2018\/informacion-2\/#breadcrumb\",\"itemListElement\":[{\"@type\":\"ListItem\",\"position\":1,\"name\":\"Portada\",\"item\":\"https:\/\/losimperdibles.es\/2018\/\"},{\"@type\":\"ListItem\",\"position\":2,\"name\":\"Informaci\u00f3n\"}]}]}<\/script>\n<!-- \/ Yoast SEO plugin. -->","yoast_head_json":{"title":"Informaci\u00f3n - Los Imperdibles","robots":{"index":"index","follow":"follow","max-snippet":"max-snippet:-1","max-image-preview":"max-image-preview:large","max-video-preview":"max-video-preview:-1"},"canonical":"https:\/\/losimperdibles.es\/2018\/informacion-2\/","og_locale":"es_ES","og_type":"article","og_title":"Informaci\u00f3n - Los Imperdibles","og_description":"[vc_row full_width=\u00bbstretch_row_content_no_spaces\u00bb bg_type=\u00bbimage\u00bb parallax_style=\u00bbvcpb-default\u00bb bg_image_new=\u00bbid^2533|url^https:\/\/losimperdibles.es\/2018\/wp-content\/uploads\/2019\/03\/Recurso-28.png|caption^null|alt^null|title^Recurso 28|description^null\u00bb bg_image_repeat=\u00bbno-repeat\u00bb bg_override=\u00bbfull\u00bb css=\u00bb.vc_custom_1552661369864{margin-top: -70px !important;}\u00bb][vc_column][vc_row_inner content_placement=\u00bbmiddle\u00bb css=\u00bb.vc_custom_1552661418852{padding-right: 10% !important;padding-left: 10% !important;background-position: center !important;background-repeat: no-repeat !important;background-size: contain !important;}\u00bb][vc_column_inner][vc_column_text] EN #IMPERDIBLE_04 TRANSFORMAMOS EL MUNDO. [\/vc_column_text][\/vc_column_inner][\/vc_row_inner][\/vc_column][\/vc_row][vc_row bg_type=\u00bbimage\u00bb parallax_style=\u00bbvcpb-default\u00bb bg_image_new=\u00bbid^2536|url^https:\/\/losimperdibles.es\/2018\/wp-content\/uploads\/2019\/03\/Recurso-20.jpg|caption^null|alt^null|title^Recurso 20|description^null\u00bb bg_image_repeat=\u00bbno-repeat\u00bb bg_override=\u00bbfull\u00bb][vc_column][vc_empty_space][vc_column_text] #IMPERDIBLE_04 CONSTITUYE LA CUARTA ENTREGA DE LOS EVENTOS INSIGNIA DE LA FUNDACI\u00d3N COTEC. UNA EXPERIENCIA COLECCIONABLE, \u00daNICA E IRREPETIBLE EN&hellip;","og_url":"https:\/\/losimperdibles.es\/2018\/informacion-2\/","og_site_name":"Los Imperdibles","article_modified_time":"2019-03-15T15:16:59+00:00","twitter_card":"summary_large_image","twitter_misc":{"Tiempo de lectura":"7 minutos"},"schema":{"@context":"https:\/\/schema.org","@graph":[{"@type":"WebSite","@id":"https:\/\/losimperdibles.es\/2018\/#website","url":"https:\/\/losimperdibles.es\/2018\/","name":"Los Imperdibles","description":"","potentialAction":[{"@type":"SearchAction","target":{"@type":"EntryPoint","urlTemplate":"https:\/\/losimperdibles.es\/2018\/?s={search_term_string}"},"query-input":"required name=search_term_string"}],"inLanguage":"es"},{"@type":"WebPage","@id":"https:\/\/losimperdibles.es\/2018\/informacion-2\/#webpage","url":"https:\/\/losimperdibles.es\/2018\/informacion-2\/","name":"Informaci\u00f3n - Los Imperdibles","isPartOf":{"@id":"https:\/\/losimperdibles.es\/2018\/#website"},"datePublished":"2019-03-15T15:11:12+00:00","dateModified":"2019-03-15T15:16:59+00:00","breadcrumb":{"@id":"https:\/\/losimperdibles.es\/2018\/informacion-2\/#breadcrumb"},"inLanguage":"es","potentialAction":[{"@type":"ReadAction","target":["https:\/\/losimperdibles.es\/2018\/informacion-2\/"]}]},{"@type":"BreadcrumbList","@id":"https:\/\/losimperdibles.es\/2018\/informacion-2\/#breadcrumb","itemListElement":[{"@type":"ListItem","position":1,"name":"Portada","item":"https:\/\/losimperdibles.es\/2018\/"},{"@type":"ListItem","position":2,"name":"Informaci\u00f3n"}]}]}},"_links":{"self":[{"href":"https:\/\/losimperdibles.es\/2018\/wp-json\/wp\/v2\/pages\/2532"}],"collection":[{"href":"https:\/\/losimperdibles.es\/2018\/wp-json\/wp\/v2\/pages"}],"about":[{"href":"https:\/\/losimperdibles.es\/2018\/wp-json\/wp\/v2\/types\/page"}],"author":[{"embeddable":true,"href":"https:\/\/losimperdibles.es\/2018\/wp-json\/wp\/v2\/users\/1"}],"replies":[{"embeddable":true,"href":"https:\/\/losimperdibles.es\/2018\/wp-json\/wp\/v2\/comments?post=2532"}],"version-history":[{"count":13,"href":"https:\/\/losimperdibles.es\/2018\/wp-json\/wp\/v2\/pages\/2532\/revisions"}],"predecessor-version":[{"id":2556,"href":"https:\/\/losimperdibles.es\/2018\/wp-json\/wp\/v2\/pages\/2532\/revisions\/2556"}],"wp:attachment":[{"href":"https:\/\/losimperdibles.es\/2018\/wp-json\/wp\/v2\/media?parent=2532"}],"curies":[{"name":"wp","href":"https:\/\/api.w.org\/{rel}","templated":true}]}}