{"id":2566,"date":"2019-03-15T15:36:16","date_gmt":"2019-03-15T15:36:16","guid":{"rendered":"https:\/\/losimperdibles.es\/2018\/?page_id=2566"},"modified":"2019-03-15T15:36:16","modified_gmt":"2019-03-15T15:36:16","slug":"sobre-cotec","status":"publish","type":"page","link":"https:\/\/losimperdibles.es\/2018\/sobre-cotec\/","title":{"rendered":"SOBRE COTEC"},"content":{"rendered":"<p>[vc_row full_width=\u00bbstretch_row_content_no_spaces\u00bb bg_type=\u00bbimage\u00bb parallax_style=\u00bbvcpb-default\u00bb bg_image_new=\u00bbid^2533|url^https:\/\/losimperdibles.es\/2018\/wp-content\/uploads\/2019\/03\/Recurso-28.png|caption^null|alt^null|title^Recurso 28|description^null\u00bb bg_image_repeat=\u00bbno-repeat\u00bb bg_override=\u00bbfull\u00bb css=\u00bb.vc_custom_1552661369864{margin-top: -70px !important;}\u00bb][vc_column]<div class=\"ult-spacer spacer-69d208db508de\" data-id=\"69d208db508de\" data-height=\"60\" data-height-mobile=\"50\" data-height-tab=\"50\" data-height-tab-portrait=\"50\" data-height-mobile-landscape=\"50\" style=\"clear:both;display:block;\"><\/div>[vc_row_inner content_placement=\u00bbmiddle\u00bb css=\u00bb.vc_custom_1552661418852{padding-right: 10% !important;padding-left: 10% !important;background-position: center !important;background-repeat: no-repeat !important;background-size: contain !important;}\u00bb][vc_column_inner][vc_column_text]<\/p>\n<h4 style=\"text-align: center;\"><span style=\"font-size: 36pt; color: #000000; font-family: dosis-extrabold;\">SOBRE COTEC<\/span><\/h4>\n<p>[\/vc_column_text][\/vc_column_inner][\/vc_row_inner]<div class=\"ult-spacer spacer-69d208db508fd\" data-id=\"69d208db508fd\" data-height=\"60\" data-height-mobile=\"50\" data-height-tab=\"50\" data-height-tab-portrait=\"50\" data-height-mobile-landscape=\"50\" style=\"clear:both;display:block;\"><\/div>[\/vc_column][\/vc_row][vc_row bg_type=\u00bbimage\u00bb parallax_style=\u00bbvcpb-default\u00bb bg_image_new=\u00bbid^2567|url^https:\/\/losimperdibles.es\/2018\/wp-content\/uploads\/2019\/03\/Recurso-31.jpg|caption^null|alt^null|title^Web|description^null\u00bb bg_image_repeat=\u00bbno-repeat\u00bb bg_override=\u00bbfull\u00bb][vc_column][vc_empty_space][vc_column_text]<\/p>\n<h3 style=\"text-align: center;\"><span style=\"font-family: dosis-extrabold; color: #ffffff;\">LA FUNDACI\u00d3N COTEC ES UNA ORGANIZACI\u00d3N PRIVADA SIN \u00c1NIMO DE LUCRO CUYA MISI\u00d3N ES<\/span><br \/>\n<span style=\"font-family: dosis-extrabold; color: #ffffff;\">PROMOVER LA INNOVACI\u00d3N COMO MOTOR DE DESARROLLO ECON\u00d3MICO Y SOCIAL. CUENTA CON<\/span><br \/>\n<span style=\"font-family: dosis-extrabold; color: #ffffff;\">CERCA DE 100 PATRONOS, ENTRE EMPRESAS PRIVADAS Y ADMINISTRACIONES DE LOS<\/span><br \/>\n<span style=\"font-family: dosis-extrabold; color: #ffffff;\">\u00c1MBITOS REGIONAL Y LOCAL. S.M. EL REY FELIPE VI ES EL PRESIDENTE DE HONOR. DESDE 2001<\/span><br \/>\n<span style=\"font-family: dosis-extrabold; color: #ffffff;\">EXISTE ADEM\u00c1S COTEC ITALIA, Y DESDE 2003, COTEC PORTUGAL.<\/span><\/h3>\n<p>[\/vc_column_text][vc_empty_space][\/vc_column][\/vc_row][vc_row content_placement=\u00bbmiddle\u00bb bg_type=\u00bbbg_color\u00bb bg_override=\u00bbfull\u00bb bg_color_value=\u00bb#ffffff\u00bb][vc_column][vc_column_text]Cotec fue creada en 1990 por iniciativa del Rey Juan Carlos I. Desde sus inicios se distingui\u00f3 por realizar una intensa labor al servicio de la innovaci\u00f3n tecnol\u00f3gica entre las empresas espa\u00f1olas. En el cumplimiento de esa misi\u00f3n, Cotec destac\u00f3 principalmente en dos actividades: servir de observatorio de la I+D+I en Espa\u00f1a, y proporcionar an\u00e1lisis y consejos en materia de innovaci\u00f3n, tecnolog\u00eda y econom\u00eda.<\/p>\n<p>En 2015 Cotec decidi\u00f3 ampliar sus retos para convertirse en un verdadero agente de cambio y provocar transformaciones estructurales que contribuyan al desarrollo de la econom\u00eda y la sociedad espa\u00f1olas. www.cotec.es Entre las iniciativas que desarrolla, destacan los Informes Cotec, que cada a\u00f1o, desde 1996, reflejan la situaci\u00f3n de la I+D+I en Espa\u00f1a a trav\u00e9s del an\u00e1lisis de los principales indicadores nacionales, auton\u00f3micos e internacionales.<\/p>\n<p>La Fundaci\u00f3n Cotec ha creado la plataforma de expertos #Los100deCotec, una red de especialistas en distintas \u00e1reas de conocimiento, generalmente externas al mundo de la innovaci\u00f3n, que aportan sus particulares bagajes para enriquecer los proyectos de Cotec con una visi\u00f3n poli\u00e9drica y fresca.[\/vc_column_text][vc_row_inner][vc_column_inner width=\u00bb1\/2&#8243;][vc_column_text css=\u00bb.vc_custom_1552664003722{border-right-width: 1px !important;padding-right: 10px !important;border-right-color: #000000 !important;border-right-style: solid !important;}\u00bb]Por otro lado, Cotec ha lanzado el Programa de Innovaci\u00f3n Abierta de Cotec #PIA_COTEC, una convocatoria para descubrir y financiar proyectos relacionados con la innovaci\u00f3n, con un enfoque abierto a cualquier disciplina y \u00e1rea de conocimiento.[\/vc_column_text][vc_column_text css=\u00bb.vc_custom_1552664056349{padding-right: 10px !important;}\u00bb]En 2016 Cotec puso en marcha Los Imperdibles, su evento insignia en torno a la innovaci\u00f3n. Festivales tem\u00e1ticos, especiales, irrepetibles y coleccionables, que cada a\u00f1o cambian de tema, de sede y de aliados, dise\u00f1ados para acercar la innovaci\u00f3n a todos los p\u00fablicos, proporcionando experiencias y generando emociones.[\/vc_column_text][\/vc_column_inner][vc_column_inner width=\u00bb1\/2&#8243;][vc_video link=\u00bbhttps:\/\/www.youtube.com\/watch?v=64WPTJeInrg\u00bb css=\u00bb.vc_custom_1552662390185{border-top-width: 10px !important;border-right-width: 10px !important;border-bottom-width: 10px !important;border-left-width: 10px !important;border-left-color: #bae1ef !important;border-left-style: solid !important;border-right-color: #bae1ef !important;border-right-style: solid !important;border-top-color: #bae1ef !important;border-top-style: solid !important;border-bottom-color: #bae1ef !important;border-bottom-style: solid !important;}\u00bb][\/vc_column_inner][\/vc_row_inner][\/vc_column][\/vc_row][vc_row full_width=\u00bbstretch_row_content_no_spaces\u00bb gap=\u00bb35&#8243; bg_type=\u00bbimage\u00bb parallax_style=\u00bbvcpb-default\u00bb bg_image_new=\u00bbid^2471|url^https:\/\/losimperdibles.es\/2018\/wp-content\/uploads\/2019\/03\/iconos-fondo-p\u00e1gina.png|caption^null|alt^null|title^iconos fondo p\u00e1gina|description^null\u00bb css=\u00bb.vc_custom_1552662551968{padding-right: 5% !important;padding-left: 5% !important;background-color: #ffffff !important;background-position: center !important;background-repeat: no-repeat !important;background-size: cover !important;}\u00bb][vc_column width=\u00bb1\/2&#8243;][vc_empty_space][vc_row_inner css=\u00bb.vc_custom_1552601759958{padding-right: 5% !important;padding-left: 5% !important;}\u00bb][vc_column_inner width=\u00bb1\/2&#8243;]<div class=\"uavc-list-icon uavc-list-icon-wrapper ult-adjust-bottom-margin   \"><ul class=\"uavc-list\"><li><div class=\"uavc-list-content\" id=\"list-icon-wrap-7707\">\n<div class=\"uavc-list-icon  \" data-animation=\"\" data-animation-delay=\"03\" style=\"margin-right:12px;\"><div class=\"ult-just-icon-wrapper  \"><div class=\"align-icon\" style=\"text-align:center;\">\n<div class=\"aio-icon-img \" style=\"font-size:47px;display:inline-block;\" >\n\t<img class=\"img-icon\" alt=\"null\" src=\"https:\/\/losimperdibles.es\/2018\/wp-content\/uploads\/2019\/03\/Recurso-32.png\"\/>\n<\/div><\/div><\/div>\n<\/div><span  data-ultimate-target='#list-icon-wrap-7707 .uavc-list-desc'  data-responsive-json-new='{\"font-size\":\"\",\"line-height\":\"\"}'  class=\"uavc-list-desc ult-responsive\" style=\"\"><\/p>\n<h4><span style=\"color: #ffffff;\">CONTACTO<\/span><\/h4>\n<p><\/span><\/div><\/li><\/ul><\/div>[\/vc_column_inner][vc_column_inner width=\u00bb1\/2&#8243;][\/vc_column_inner][\/vc_row_inner][vc_column_text css=\u00bb.vc_custom_1552664171594{padding-right: 10px !important;padding-left: 20px !important;}\u00bb]<strong>Calle Velazquez, 24. 2\u00ba DCHA.<\/strong><br \/>\n<strong>28001 \u2013 Madrid. Espa\u00f1a<\/strong><br \/>\n<strong>(+34) 914 36 47 74<\/strong><br \/>\n<strong>fundacion.cotec@cotec.es<\/strong>[\/vc_column_text][\/vc_column][vc_column width=\u00bb1\/2&#8243;][\/vc_column][\/vc_row][vc_row full_width=\u00bbstretch_row_content_no_spaces\u00bb bg_type=\u00bbimage\u00bb parallax_style=\u00bbvcpb-default\u00bb bg_image_new=\u00bbid^2471|url^https:\/\/losimperdibles.es\/2018\/wp-content\/uploads\/2019\/03\/iconos-fondo-p\u00e1gina.png|caption^null|alt^null|title^iconos fondo p\u00e1gina|description^null\u00bb css=\u00bb.vc_custom_1552606086371{margin-bottom: -70px !important;background-color: #ffffff !important;background-position: center !important;background-repeat: no-repeat !important;background-size: cover !important;}\u00bb][vc_column][vc_row_inner css=\u00bb.vc_custom_1552601759958{padding-right: 5% !important;padding-left: 5% !important;}\u00bb][vc_column_inner width=\u00bb1\/4&#8243;]<div class=\"uavc-list-icon uavc-list-icon-wrapper ult-adjust-bottom-margin   \"><ul class=\"uavc-list\"><li><div class=\"uavc-list-content\" id=\"list-icon-wrap-5551\">\n<div class=\"uavc-list-icon  \" data-animation=\"\" data-animation-delay=\"03\" style=\"margin-right:12px;\"><div class=\"ult-just-icon-wrapper  \"><div class=\"align-icon\" style=\"text-align:center;\">\n<div class=\"aio-icon-img \" style=\"font-size:47px;display:inline-block;\" >\n\t<img class=\"img-icon\" alt=\"null\" src=\"https:\/\/losimperdibles.es\/2018\/wp-content\/uploads\/2019\/03\/colaboradores.png\"\/>\n<\/div><\/div><\/div>\n<\/div><span  data-ultimate-target='#list-icon-wrap-5551 .uavc-list-desc'  data-responsive-json-new='{\"font-size\":\"\",\"line-height\":\"\"}'  class=\"uavc-list-desc ult-responsive\" style=\"\"><\/p>\n<h4><span style=\"color: #ffffff;\">COLABORADORES<\/span><\/h4>\n<p><\/span><\/div><\/li><\/ul><\/div>[vc_single_image image=\u00bb2476&#8243; img_size=\u00bbfull\u00bb][\/vc_column_inner][vc_column_inner width=\u00bb1\/2&#8243;][\/vc_column_inner][vc_column_inner width=\u00bb1\/4&#8243;][\/vc_column_inner][\/vc_row_inner][vc_empty_space height=\u00bb42px\u00bb][\/vc_column][\/vc_row]<\/p>\n","protected":false},"excerpt":{"rendered":"<p>[vc_row full_width=\u00bbstretch_row_content_no_spaces\u00bb bg_type=\u00bbimage\u00bb parallax_style=\u00bbvcpb-default\u00bb bg_image_new=\u00bbid^2533|url^https:\/\/losimperdibles.es\/2018\/wp-content\/uploads\/2019\/03\/Recurso-28.png|caption^null|alt^null|title^Recurso 28|description^null\u00bb bg_image_repeat=\u00bbno-repeat\u00bb bg_override=\u00bbfull\u00bb css=\u00bb.vc_custom_1552661369864{margin-top: -70px !important;}\u00bb][vc_column][vc_row_inner content_placement=\u00bbmiddle\u00bb css=\u00bb.vc_custom_1552661418852{padding-right: 10% !important;padding-left: 10% !important;background-position: center !important;background-repeat: no-repeat !important;background-size: contain !important;}\u00bb][vc_column_inner][vc_column_text] SOBRE COTEC [\/vc_column_text][\/vc_column_inner][\/vc_row_inner][\/vc_column][\/vc_row][vc_row bg_type=\u00bbimage\u00bb parallax_style=\u00bbvcpb-default\u00bb bg_image_new=\u00bbid^2567|url^https:\/\/losimperdibles.es\/2018\/wp-content\/uploads\/2019\/03\/Recurso-31.jpg|caption^null|alt^null|title^Web|description^null\u00bb bg_image_repeat=\u00bbno-repeat\u00bb bg_override=\u00bbfull\u00bb][vc_column][vc_empty_space][vc_column_text] LA FUNDACI\u00d3N COTEC ES UNA ORGANIZACI\u00d3N PRIVADA SIN \u00c1NIMO DE LUCRO CUYA MISI\u00d3N ES PROMOVER LA INNOVACI\u00d3N COMO MOTOR DE DESARROLLO ECON\u00d3MICO Y SOCIAL.&hellip;<\/p>\n","protected":false},"author":1,"featured_media":0,"parent":0,"menu_order":0,"comment_status":"closed","ping_status":"closed","template":"template-microsite.php","meta":[],"yoast_head":"<!-- This site is optimized with the Yoast SEO plugin v18.6 - https:\/\/yoast.com\/wordpress\/plugins\/seo\/ -->\n<title>SOBRE COTEC - Los Imperdibles<\/title>\n<meta name=\"robots\" content=\"index, follow, max-snippet:-1, max-image-preview:large, max-video-preview:-1\" \/>\n<link rel=\"canonical\" href=\"https:\/\/losimperdibles.es\/2018\/sobre-cotec\/\" \/>\n<meta property=\"og:locale\" content=\"es_ES\" \/>\n<meta property=\"og:type\" content=\"article\" \/>\n<meta property=\"og:title\" content=\"SOBRE COTEC - Los Imperdibles\" \/>\n<meta property=\"og:description\" content=\"[vc_row full_width=\u00bbstretch_row_content_no_spaces\u00bb bg_type=\u00bbimage\u00bb parallax_style=\u00bbvcpb-default\u00bb bg_image_new=\u00bbid^2533|url^https:\/\/losimperdibles.es\/2018\/wp-content\/uploads\/2019\/03\/Recurso-28.png|caption^null|alt^null|title^Recurso 28|description^null\u00bb bg_image_repeat=\u00bbno-repeat\u00bb bg_override=\u00bbfull\u00bb css=\u00bb.vc_custom_1552661369864{margin-top: -70px !important;}\u00bb][vc_column][vc_row_inner content_placement=\u00bbmiddle\u00bb css=\u00bb.vc_custom_1552661418852{padding-right: 10% !important;padding-left: 10% !important;background-position: center !important;background-repeat: no-repeat !important;background-size: contain !important;}\u00bb][vc_column_inner][vc_column_text] SOBRE COTEC [\/vc_column_text][\/vc_column_inner][\/vc_row_inner][\/vc_column][\/vc_row][vc_row bg_type=\u00bbimage\u00bb parallax_style=\u00bbvcpb-default\u00bb bg_image_new=\u00bbid^2567|url^https:\/\/losimperdibles.es\/2018\/wp-content\/uploads\/2019\/03\/Recurso-31.jpg|caption^null|alt^null|title^Web|description^null\u00bb bg_image_repeat=\u00bbno-repeat\u00bb bg_override=\u00bbfull\u00bb][vc_column][vc_empty_space][vc_column_text] LA FUNDACI\u00d3N COTEC ES UNA ORGANIZACI\u00d3N PRIVADA SIN \u00c1NIMO DE LUCRO CUYA MISI\u00d3N ES PROMOVER LA INNOVACI\u00d3N COMO MOTOR DE DESARROLLO ECON\u00d3MICO Y SOCIAL.&hellip;\" \/>\n<meta property=\"og:url\" content=\"https:\/\/losimperdibles.es\/2018\/sobre-cotec\/\" \/>\n<meta property=\"og:site_name\" content=\"Los Imperdibles\" \/>\n<meta name=\"twitter:card\" content=\"summary_large_image\" \/>\n<meta name=\"twitter:label1\" content=\"Tiempo de lectura\" \/>\n\t<meta name=\"twitter:data1\" content=\"5 minutos\" \/>\n<script type=\"application\/ld+json\" class=\"yoast-schema-graph\">{\"@context\":\"https:\/\/schema.org\",\"@graph\":[{\"@type\":\"WebSite\",\"@id\":\"https:\/\/losimperdibles.es\/2018\/#website\",\"url\":\"https:\/\/losimperdibles.es\/2018\/\",\"name\":\"Los Imperdibles\",\"description\":\"\",\"potentialAction\":[{\"@type\":\"SearchAction\",\"target\":{\"@type\":\"EntryPoint\",\"urlTemplate\":\"https:\/\/losimperdibles.es\/2018\/?s={search_term_string}\"},\"query-input\":\"required name=search_term_string\"}],\"inLanguage\":\"es\"},{\"@type\":\"WebPage\",\"@id\":\"https:\/\/losimperdibles.es\/2018\/sobre-cotec\/#webpage\",\"url\":\"https:\/\/losimperdibles.es\/2018\/sobre-cotec\/\",\"name\":\"SOBRE COTEC - Los Imperdibles\",\"isPartOf\":{\"@id\":\"https:\/\/losimperdibles.es\/2018\/#website\"},\"datePublished\":\"2019-03-15T15:36:16+00:00\",\"dateModified\":\"2019-03-15T15:36:16+00:00\",\"breadcrumb\":{\"@id\":\"https:\/\/losimperdibles.es\/2018\/sobre-cotec\/#breadcrumb\"},\"inLanguage\":\"es\",\"potentialAction\":[{\"@type\":\"ReadAction\",\"target\":[\"https:\/\/losimperdibles.es\/2018\/sobre-cotec\/\"]}]},{\"@type\":\"BreadcrumbList\",\"@id\":\"https:\/\/losimperdibles.es\/2018\/sobre-cotec\/#breadcrumb\",\"itemListElement\":[{\"@type\":\"ListItem\",\"position\":1,\"name\":\"Portada\",\"item\":\"https:\/\/losimperdibles.es\/2018\/\"},{\"@type\":\"ListItem\",\"position\":2,\"name\":\"SOBRE COTEC\"}]}]}<\/script>\n<!-- \/ Yoast SEO plugin. -->","yoast_head_json":{"title":"SOBRE COTEC - Los Imperdibles","robots":{"index":"index","follow":"follow","max-snippet":"max-snippet:-1","max-image-preview":"max-image-preview:large","max-video-preview":"max-video-preview:-1"},"canonical":"https:\/\/losimperdibles.es\/2018\/sobre-cotec\/","og_locale":"es_ES","og_type":"article","og_title":"SOBRE COTEC - Los Imperdibles","og_description":"[vc_row full_width=\u00bbstretch_row_content_no_spaces\u00bb bg_type=\u00bbimage\u00bb parallax_style=\u00bbvcpb-default\u00bb bg_image_new=\u00bbid^2533|url^https:\/\/losimperdibles.es\/2018\/wp-content\/uploads\/2019\/03\/Recurso-28.png|caption^null|alt^null|title^Recurso 28|description^null\u00bb bg_image_repeat=\u00bbno-repeat\u00bb bg_override=\u00bbfull\u00bb css=\u00bb.vc_custom_1552661369864{margin-top: -70px !important;}\u00bb][vc_column][vc_row_inner content_placement=\u00bbmiddle\u00bb css=\u00bb.vc_custom_1552661418852{padding-right: 10% !important;padding-left: 10% !important;background-position: center !important;background-repeat: no-repeat !important;background-size: contain !important;}\u00bb][vc_column_inner][vc_column_text] SOBRE COTEC [\/vc_column_text][\/vc_column_inner][\/vc_row_inner][\/vc_column][\/vc_row][vc_row bg_type=\u00bbimage\u00bb parallax_style=\u00bbvcpb-default\u00bb bg_image_new=\u00bbid^2567|url^https:\/\/losimperdibles.es\/2018\/wp-content\/uploads\/2019\/03\/Recurso-31.jpg|caption^null|alt^null|title^Web|description^null\u00bb bg_image_repeat=\u00bbno-repeat\u00bb bg_override=\u00bbfull\u00bb][vc_column][vc_empty_space][vc_column_text] LA FUNDACI\u00d3N COTEC ES UNA ORGANIZACI\u00d3N PRIVADA SIN \u00c1NIMO DE LUCRO CUYA MISI\u00d3N ES PROMOVER LA INNOVACI\u00d3N COMO MOTOR DE DESARROLLO ECON\u00d3MICO Y SOCIAL.&hellip;","og_url":"https:\/\/losimperdibles.es\/2018\/sobre-cotec\/","og_site_name":"Los Imperdibles","twitter_card":"summary_large_image","twitter_misc":{"Tiempo de lectura":"5 minutos"},"schema":{"@context":"https:\/\/schema.org","@graph":[{"@type":"WebSite","@id":"https:\/\/losimperdibles.es\/2018\/#website","url":"https:\/\/losimperdibles.es\/2018\/","name":"Los Imperdibles","description":"","potentialAction":[{"@type":"SearchAction","target":{"@type":"EntryPoint","urlTemplate":"https:\/\/losimperdibles.es\/2018\/?s={search_term_string}"},"query-input":"required name=search_term_string"}],"inLanguage":"es"},{"@type":"WebPage","@id":"https:\/\/losimperdibles.es\/2018\/sobre-cotec\/#webpage","url":"https:\/\/losimperdibles.es\/2018\/sobre-cotec\/","name":"SOBRE COTEC - Los Imperdibles","isPartOf":{"@id":"https:\/\/losimperdibles.es\/2018\/#website"},"datePublished":"2019-03-15T15:36:16+00:00","dateModified":"2019-03-15T15:36:16+00:00","breadcrumb":{"@id":"https:\/\/losimperdibles.es\/2018\/sobre-cotec\/#breadcrumb"},"inLanguage":"es","potentialAction":[{"@type":"ReadAction","target":["https:\/\/losimperdibles.es\/2018\/sobre-cotec\/"]}]},{"@type":"BreadcrumbList","@id":"https:\/\/losimperdibles.es\/2018\/sobre-cotec\/#breadcrumb","itemListElement":[{"@type":"ListItem","position":1,"name":"Portada","item":"https:\/\/losimperdibles.es\/2018\/"},{"@type":"ListItem","position":2,"name":"SOBRE COTEC"}]}]}},"_links":{"self":[{"href":"https:\/\/losimperdibles.es\/2018\/wp-json\/wp\/v2\/pages\/2566"}],"collection":[{"href":"https:\/\/losimperdibles.es\/2018\/wp-json\/wp\/v2\/pages"}],"about":[{"href":"https:\/\/losimperdibles.es\/2018\/wp-json\/wp\/v2\/types\/page"}],"author":[{"embeddable":true,"href":"https:\/\/losimperdibles.es\/2018\/wp-json\/wp\/v2\/users\/1"}],"replies":[{"embeddable":true,"href":"https:\/\/losimperdibles.es\/2018\/wp-json\/wp\/v2\/comments?post=2566"}],"version-history":[{"count":2,"href":"https:\/\/losimperdibles.es\/2018\/wp-json\/wp\/v2\/pages\/2566\/revisions"}],"predecessor-version":[{"id":2569,"href":"https:\/\/losimperdibles.es\/2018\/wp-json\/wp\/v2\/pages\/2566\/revisions\/2569"}],"wp:attachment":[{"href":"https:\/\/losimperdibles.es\/2018\/wp-json\/wp\/v2\/media?parent=2566"}],"curies":[{"name":"wp","href":"https:\/\/api.w.org\/{rel}","templated":true}]}}