{"id":419,"date":"2018-07-25T15:35:52","date_gmt":"2018-07-25T14:35:52","guid":{"rendered":"https:\/\/losimperdibles.es\/2018\/?page_id=419"},"modified":"2018-07-25T15:39:31","modified_gmt":"2018-07-25T14:39:31","slug":"politica-de-cookies","status":"publish","type":"page","link":"https:\/\/losimperdibles.es\/2018\/politica-de-cookies\/","title":{"rendered":"Pol\u00edtica de cookies"},"content":{"rendered":"<p>[vc_row full_width=\u00bbstretch_row_content\u00bb css_animation=\u00bbnone\u00bb enable_overlay=\u00bbenable_overlay_value\u00bb overlay_color=\u00bbrgba(242,242,242,0.01)\u00bb overlay_pattern=\u00bbtransperant\u00bb seperator_enable=\u00bbseperator_enable_value\u00bb seperator_type=\u00bbtilt_left_seperator\u00bb seperator_svg_height=\u00bb42&#8243; seperator_shape_background=\u00bb#f2f2f2&#8243; css=\u00bb.vc_custom_1532529293605{margin-top: -70px !important;background-color: #f2f2f2 !important;background-position: center !important;background-repeat: no-repeat !important;background-size: cover !important;}\u00bb][vc_column][vc_row_inner content_placement=\u00bbmiddle\u00bb css=\u00bb.vc_custom_1530024097762{margin-right: -12.5% !important;margin-left: -12.5% !important;padding-right: 2% !important;padding-left: 2% !important;background-position: center !important;background-repeat: no-repeat !important;background-size: cover !important;}\u00bb el_class=\u00bbFONDO\u00bb][vc_column_inner css=\u00bb.vc_custom_1530024547891{padding-right: 5% !important;padding-left: 5% !important;background-color: #53c4cf !important;}\u00bb][vc_empty_space height=\u00bb52px\u00bb]<div id=\"ultimate-heading-49166a038f521b545\" class=\"uvc-heading ult-adjust-bottom-margin ultimate-heading-49166a038f521b545 uvc-6654 azul\" data-hspacer=\"no_spacer\"  data-halign=\"center\" style=\"text-align:center\"><div class=\"uvc-heading-spacer no_spacer\" style=\"top\"><\/div><div class=\"uvc-sub-heading ult-responsive\"  data-ultimate-target='.uvc-heading.ultimate-heading-49166a038f521b545 .uvc-sub-heading '  data-responsive-json-new='{\"font-size\":\"desktop:45px;tablet:40px;tablet_portrait:38px;mobile_landscape:34px;mobile:30px;\",\"line-height\":\"desktop:42px;tablet:38px;tablet_portrait:35px;mobile_landscape:33px;mobile:28px;\"}'  style=\"font-weight:bold;color:#ffffff;\">POL\u00cdTICA DE<\/div><\/div><div id=\"ultimate-heading-58616a038f521b595\" class=\"uvc-heading ult-adjust-bottom-margin ultimate-heading-58616a038f521b595 uvc-7967 azul\" data-hspacer=\"no_spacer\"  data-halign=\"center\" style=\"text-align:center\"><div class=\"uvc-heading-spacer no_spacer\" style=\"top\"><\/div><div class=\"uvc-sub-heading ult-responsive\"  data-ultimate-target='.uvc-heading.ultimate-heading-58616a038f521b595 .uvc-sub-heading '  data-responsive-json-new='{\"font-size\":\"desktop:90px;tablet:56px;tablet_portrait:50px;mobile_landscape:45px;mobile:35px;\",\"line-height\":\"desktop:90px;tablet:45px;tablet_portrait:45px;mobile_landscape:40px;mobile:28px;\"}'  style=\"font-weight:bold;color:#ffffff;\">COOKIES<\/div><\/div>[vc_empty_space height=\u00bb82px\u00bb][\/vc_column_inner][\/vc_row_inner][\/vc_column][\/vc_row][vc_row bg_type=\u00bbbg_color\u00bb bg_override=\u00bbfull\u00bb bg_color_value=\u00bb#f2f2f2&#8243;][vc_column][vc_column_text css=\u00bb.vc_custom_1530093058708{margin-bottom: -3px !important;}\u00bb]<span style=\"color: #53c4cf;\"><span style=\"font-size: 18.6667px;\"><b>LA P\u00c1GINA WEB Y SUS DOMINIOS UTILIZAN COOKIES T\u00c9CNICAS<\/b><\/span><\/span>[\/vc_column_text][vc_separator color=\u00bbcustom\u00bb border_width=\u00bb2&#8243; accent_color=\u00bb#53c4cf\u00bb][vc_column_text]Las cookies t\u00e9cnicas son aqu\u00e9llas que permiten al usuario la navegaci\u00f3n a trav\u00e9s de la p\u00e1gina web o la plataforma y la utilizaci\u00f3n de las diferentes opciones o servicios que en ella existan como, por ejemplo, controlar el tr\u00e1fico y la comunicaci\u00f3n de datos, identificar la sesi\u00f3n, acceder a partes de acceso restringido, utilizar elementos de seguridad durante la navegaci\u00f3n o almacenar contenidos para la difusi\u00f3n de v\u00eddeos o sonido o compartir contenidos a trav\u00e9s de redes sociales como Twitter, Facebook, Google+ o Youtube. Se trata de cookies de sesi\u00f3n y persistentes.[\/vc_column_text][vc_column_text css=\u00bb.vc_custom_1530092997247{margin-bottom: -3px !important;}\u00bb]<span style=\"color: #53c4cf;\"><span style=\"font-size: 18.6667px;\"><b>C\u00d3MO MODIFICAR LA CONFIGURACI\u00d3N DE LAS COOKIES<\/b><\/span><\/span>[\/vc_column_text][vc_separator color=\u00bbcustom\u00bb border_width=\u00bb2&#8243; accent_color=\u00bb#53c4cf\u00bb][vc_column_text]Usted puede restringir, bloquear o borrar las cookies de la \u2018FUNDACI\u00d3N\u2019 o cualquier otra p\u00e1gina web, utilizando su navegador. En cada navegador la operativa es diferente, la funci\u00f3n de \u2018Ayuda\u201d le mostrar\u00e1 c\u00f3mo hacerlo.<\/p>\n<p>Adem\u00e1s, tambi\u00e9n puede gestionar el almac\u00e9n de cookies en su navegador a trav\u00e9s de herramientas como las siguientes:[\/vc_column_text]<div class=\"uavc-list-icon uavc-list-icon-wrapper ult-adjust-bottom-margin   \"><ul class=\"uavc-list\"><li><div class=\"uavc-list-content\" id=\"list-icon-wrap-7924\">\n<div class=\"uavc-list-icon  \" data-animation=\"\" data-animation-delay=\"03\" style=\"margin-right:6px;\"><div class=\"ult-just-icon-wrapper  \"><div class=\"align-icon\" style=\"text-align:center;\">\n<div class=\"aio-icon none \"  style=\"color:#eeee22;font-size:12px;display:inline-block;\">\n\t<i class=\"Defaults-play\"><\/i>\n<\/div><\/div><\/div>\n<\/div><span  data-ultimate-target='#list-icon-wrap-7924 .uavc-list-desc'  data-responsive-json-new='{\"font-size\":\"\",\"line-height\":\"\"}'  class=\"uavc-list-desc ult-responsive\" style=\"\"><strong>Ghostery: www.ghostery.com\/<\/strong><\/span><\/div><\/li><li><div class=\"uavc-list-content\" id=\"list-icon-wrap-6560\">\n<div class=\"uavc-list-icon  \" data-animation=\"\" data-animation-delay=\"03\" style=\"margin-right:6px;\"><div class=\"ult-just-icon-wrapper  \"><div class=\"align-icon\" style=\"text-align:center;\">\n<div class=\"aio-icon none \"  style=\"color:#eeee22;font-size:12px;display:inline-block;\">\n\t<i class=\"Defaults-play\"><\/i>\n<\/div><\/div><\/div>\n<\/div><span  data-ultimate-target='#list-icon-wrap-6560 .uavc-list-desc'  data-responsive-json-new='{\"font-size\":\"\",\"line-height\":\"\"}'  class=\"uavc-list-desc ult-responsive\" style=\"\"><strong>Your online choices: www.youronlinechoices.com\/es\/<\/strong><\/span><\/div><\/li><\/ul><\/div>[\/vc_column][\/vc_row][vc_row full_width=\u00bbstretch_row_content\u00bb css_animation=\u00bbnone\u00bb bg_type=\u00bbbg_color\u00bb enable_overlay=\u00bbenable_overlay_value\u00bb overlay_color=\u00bbrgba(242,242,242,0.01)\u00bb overlay_pattern=\u00bbtransperant\u00bb seperator_enable=\u00bbseperator_enable_value\u00bb seperator_type=\u00bbtilt_left_seperator\u00bb seperator_svg_height=\u00bb50&#8243; seperator_shape_background=\u00bb#f2f2f2&#8243; css=\u00bb.vc_custom_1532529556779{margin-top: -70px !important;margin-bottom: -70px !important;background-position: center !important;background-repeat: no-repeat !important;background-size: cover !important;}\u00bb bg_color_value=\u00bb#b2b2b2&#8243;][vc_column css=\u00bb.vc_custom_1530259687528{background-color: #f2f2f2 !important;}\u00bb][vc_empty_space][\/vc_column][\/vc_row]<\/p>\n","protected":false},"excerpt":{"rendered":"<p>[vc_row full_width=\u00bbstretch_row_content\u00bb css_animation=\u00bbnone\u00bb enable_overlay=\u00bbenable_overlay_value\u00bb overlay_color=\u00bbrgba(242,242,242,0.01)\u00bb overlay_pattern=\u00bbtransperant\u00bb seperator_enable=\u00bbseperator_enable_value\u00bb seperator_type=\u00bbtilt_left_seperator\u00bb seperator_svg_height=\u00bb42&#8243; seperator_shape_background=\u00bb#f2f2f2&#8243; css=\u00bb.vc_custom_1532529293605{margin-top: -70px !important;background-color: #f2f2f2 !important;background-position: center !important;background-repeat: no-repeat !important;background-size: cover !important;}\u00bb][vc_column][vc_row_inner content_placement=\u00bbmiddle\u00bb css=\u00bb.vc_custom_1530024097762{margin-right: -12.5% !important;margin-left: -12.5% !important;padding-right: 2% !important;padding-left: 2% !important;background-position: center !important;background-repeat: no-repeat !important;background-size: cover !important;}\u00bb el_class=\u00bbFONDO\u00bb][vc_column_inner css=\u00bb.vc_custom_1530024547891{padding-right: 5% !important;padding-left: 5% !important;background-color: #53c4cf !important;}\u00bb][vc_empty_space height=\u00bb52px\u00bb][vc_empty_space height=\u00bb82px\u00bb][\/vc_column_inner][\/vc_row_inner][\/vc_column][\/vc_row][vc_row bg_type=\u00bbbg_color\u00bb bg_override=\u00bbfull\u00bb bg_color_value=\u00bb#f2f2f2&#8243;][vc_column][vc_column_text css=\u00bb.vc_custom_1530093058708{margin-bottom: -3px !important;}\u00bb]LA P\u00c1GINA WEB&hellip;<\/p>\n","protected":false},"author":1,"featured_media":0,"parent":0,"menu_order":0,"comment_status":"closed","ping_status":"closed","template":"","meta":[],"yoast_head":"<!-- This site is optimized with the Yoast SEO plugin v18.6 - https:\/\/yoast.com\/wordpress\/plugins\/seo\/ -->\n<title>Pol\u00edtica de cookies - Los Imperdibles<\/title>\n<meta name=\"robots\" content=\"index, follow, max-snippet:-1, max-image-preview:large, max-video-preview:-1\" \/>\n<link rel=\"canonical\" href=\"https:\/\/losimperdibles.es\/2018\/politica-de-cookies\/\" \/>\n<meta property=\"og:locale\" content=\"es_ES\" \/>\n<meta property=\"og:type\" content=\"article\" \/>\n<meta property=\"og:title\" content=\"Pol\u00edtica de cookies - Los Imperdibles\" \/>\n<meta property=\"og:description\" content=\"[vc_row full_width=\u00bbstretch_row_content\u00bb css_animation=\u00bbnone\u00bb enable_overlay=\u00bbenable_overlay_value\u00bb overlay_color=\u00bbrgba(242,242,242,0.01)\u00bb overlay_pattern=\u00bbtransperant\u00bb seperator_enable=\u00bbseperator_enable_value\u00bb seperator_type=\u00bbtilt_left_seperator\u00bb seperator_svg_height=\u00bb42&#8243; seperator_shape_background=\u00bb#f2f2f2&#8243; css=\u00bb.vc_custom_1532529293605{margin-top: -70px !important;background-color: #f2f2f2 !important;background-position: center !important;background-repeat: no-repeat !important;background-size: cover !important;}\u00bb][vc_column][vc_row_inner content_placement=\u00bbmiddle\u00bb css=\u00bb.vc_custom_1530024097762{margin-right: -12.5% !important;margin-left: -12.5% !important;padding-right: 2% !important;padding-left: 2% !important;background-position: center !important;background-repeat: no-repeat !important;background-size: cover !important;}\u00bb el_class=\u00bbFONDO\u00bb][vc_column_inner css=\u00bb.vc_custom_1530024547891{padding-right: 5% !important;padding-left: 5% !important;background-color: #53c4cf !important;}\u00bb][vc_empty_space height=\u00bb52px\u00bb][vc_empty_space height=\u00bb82px\u00bb][\/vc_column_inner][\/vc_row_inner][\/vc_column][\/vc_row][vc_row bg_type=\u00bbbg_color\u00bb bg_override=\u00bbfull\u00bb bg_color_value=\u00bb#f2f2f2&#8243;][vc_column][vc_column_text css=\u00bb.vc_custom_1530093058708{margin-bottom: -3px !important;}\u00bb]LA P\u00c1GINA WEB&hellip;\" \/>\n<meta property=\"og:url\" content=\"https:\/\/losimperdibles.es\/2018\/politica-de-cookies\/\" \/>\n<meta property=\"og:site_name\" content=\"Los Imperdibles\" \/>\n<meta property=\"article:modified_time\" content=\"2018-07-25T14:39:31+00:00\" \/>\n<meta name=\"twitter:card\" content=\"summary_large_image\" \/>\n<meta name=\"twitter:label1\" content=\"Tiempo de lectura\" \/>\n\t<meta name=\"twitter:data1\" content=\"3 minutos\" \/>\n<script type=\"application\/ld+json\" class=\"yoast-schema-graph\">{\"@context\":\"https:\/\/schema.org\",\"@graph\":[{\"@type\":\"WebSite\",\"@id\":\"https:\/\/losimperdibles.es\/2018\/#website\",\"url\":\"https:\/\/losimperdibles.es\/2018\/\",\"name\":\"Los Imperdibles\",\"description\":\"\",\"potentialAction\":[{\"@type\":\"SearchAction\",\"target\":{\"@type\":\"EntryPoint\",\"urlTemplate\":\"https:\/\/losimperdibles.es\/2018\/?s={search_term_string}\"},\"query-input\":\"required name=search_term_string\"}],\"inLanguage\":\"es\"},{\"@type\":\"WebPage\",\"@id\":\"https:\/\/losimperdibles.es\/2018\/politica-de-cookies\/#webpage\",\"url\":\"https:\/\/losimperdibles.es\/2018\/politica-de-cookies\/\",\"name\":\"Pol\u00edtica de cookies - Los Imperdibles\",\"isPartOf\":{\"@id\":\"https:\/\/losimperdibles.es\/2018\/#website\"},\"datePublished\":\"2018-07-25T14:35:52+00:00\",\"dateModified\":\"2018-07-25T14:39:31+00:00\",\"breadcrumb\":{\"@id\":\"https:\/\/losimperdibles.es\/2018\/politica-de-cookies\/#breadcrumb\"},\"inLanguage\":\"es\",\"potentialAction\":[{\"@type\":\"ReadAction\",\"target\":[\"https:\/\/losimperdibles.es\/2018\/politica-de-cookies\/\"]}]},{\"@type\":\"BreadcrumbList\",\"@id\":\"https:\/\/losimperdibles.es\/2018\/politica-de-cookies\/#breadcrumb\",\"itemListElement\":[{\"@type\":\"ListItem\",\"position\":1,\"name\":\"Portada\",\"item\":\"https:\/\/losimperdibles.es\/2018\/\"},{\"@type\":\"ListItem\",\"position\":2,\"name\":\"Pol\u00edtica de cookies\"}]}]}<\/script>\n<!-- \/ Yoast SEO plugin. -->","yoast_head_json":{"title":"Pol\u00edtica de cookies - Los Imperdibles","robots":{"index":"index","follow":"follow","max-snippet":"max-snippet:-1","max-image-preview":"max-image-preview:large","max-video-preview":"max-video-preview:-1"},"canonical":"https:\/\/losimperdibles.es\/2018\/politica-de-cookies\/","og_locale":"es_ES","og_type":"article","og_title":"Pol\u00edtica de cookies - Los Imperdibles","og_description":"[vc_row full_width=\u00bbstretch_row_content\u00bb css_animation=\u00bbnone\u00bb enable_overlay=\u00bbenable_overlay_value\u00bb overlay_color=\u00bbrgba(242,242,242,0.01)\u00bb overlay_pattern=\u00bbtransperant\u00bb seperator_enable=\u00bbseperator_enable_value\u00bb seperator_type=\u00bbtilt_left_seperator\u00bb seperator_svg_height=\u00bb42&#8243; seperator_shape_background=\u00bb#f2f2f2&#8243; css=\u00bb.vc_custom_1532529293605{margin-top: -70px !important;background-color: #f2f2f2 !important;background-position: center !important;background-repeat: no-repeat !important;background-size: cover !important;}\u00bb][vc_column][vc_row_inner content_placement=\u00bbmiddle\u00bb css=\u00bb.vc_custom_1530024097762{margin-right: -12.5% !important;margin-left: -12.5% !important;padding-right: 2% !important;padding-left: 2% !important;background-position: center !important;background-repeat: no-repeat !important;background-size: cover !important;}\u00bb el_class=\u00bbFONDO\u00bb][vc_column_inner css=\u00bb.vc_custom_1530024547891{padding-right: 5% !important;padding-left: 5% !important;background-color: #53c4cf !important;}\u00bb][vc_empty_space height=\u00bb52px\u00bb][vc_empty_space height=\u00bb82px\u00bb][\/vc_column_inner][\/vc_row_inner][\/vc_column][\/vc_row][vc_row bg_type=\u00bbbg_color\u00bb bg_override=\u00bbfull\u00bb bg_color_value=\u00bb#f2f2f2&#8243;][vc_column][vc_column_text css=\u00bb.vc_custom_1530093058708{margin-bottom: -3px !important;}\u00bb]LA P\u00c1GINA WEB&hellip;","og_url":"https:\/\/losimperdibles.es\/2018\/politica-de-cookies\/","og_site_name":"Los Imperdibles","article_modified_time":"2018-07-25T14:39:31+00:00","twitter_card":"summary_large_image","twitter_misc":{"Tiempo de lectura":"3 minutos"},"schema":{"@context":"https:\/\/schema.org","@graph":[{"@type":"WebSite","@id":"https:\/\/losimperdibles.es\/2018\/#website","url":"https:\/\/losimperdibles.es\/2018\/","name":"Los Imperdibles","description":"","potentialAction":[{"@type":"SearchAction","target":{"@type":"EntryPoint","urlTemplate":"https:\/\/losimperdibles.es\/2018\/?s={search_term_string}"},"query-input":"required name=search_term_string"}],"inLanguage":"es"},{"@type":"WebPage","@id":"https:\/\/losimperdibles.es\/2018\/politica-de-cookies\/#webpage","url":"https:\/\/losimperdibles.es\/2018\/politica-de-cookies\/","name":"Pol\u00edtica de cookies - Los Imperdibles","isPartOf":{"@id":"https:\/\/losimperdibles.es\/2018\/#website"},"datePublished":"2018-07-25T14:35:52+00:00","dateModified":"2018-07-25T14:39:31+00:00","breadcrumb":{"@id":"https:\/\/losimperdibles.es\/2018\/politica-de-cookies\/#breadcrumb"},"inLanguage":"es","potentialAction":[{"@type":"ReadAction","target":["https:\/\/losimperdibles.es\/2018\/politica-de-cookies\/"]}]},{"@type":"BreadcrumbList","@id":"https:\/\/losimperdibles.es\/2018\/politica-de-cookies\/#breadcrumb","itemListElement":[{"@type":"ListItem","position":1,"name":"Portada","item":"https:\/\/losimperdibles.es\/2018\/"},{"@type":"ListItem","position":2,"name":"Pol\u00edtica de cookies"}]}]}},"_links":{"self":[{"href":"https:\/\/losimperdibles.es\/2018\/wp-json\/wp\/v2\/pages\/419"}],"collection":[{"href":"https:\/\/losimperdibles.es\/2018\/wp-json\/wp\/v2\/pages"}],"about":[{"href":"https:\/\/losimperdibles.es\/2018\/wp-json\/wp\/v2\/types\/page"}],"author":[{"embeddable":true,"href":"https:\/\/losimperdibles.es\/2018\/wp-json\/wp\/v2\/users\/1"}],"replies":[{"embeddable":true,"href":"https:\/\/losimperdibles.es\/2018\/wp-json\/wp\/v2\/comments?post=419"}],"version-history":[{"count":9,"href":"https:\/\/losimperdibles.es\/2018\/wp-json\/wp\/v2\/pages\/419\/revisions"}],"predecessor-version":[{"id":430,"href":"https:\/\/losimperdibles.es\/2018\/wp-json\/wp\/v2\/pages\/419\/revisions\/430"}],"wp:attachment":[{"href":"https:\/\/losimperdibles.es\/2018\/wp-json\/wp\/v2\/media?parent=419"}],"curies":[{"name":"wp","href":"https:\/\/api.w.org\/{rel}","templated":true}]}}