{"id":943,"date":"2018-11-05T09:57:18","date_gmt":"2018-11-05T09:57:18","guid":{"rendered":"https:\/\/losimperdibles.es\/2018\/?page_id=943"},"modified":"2018-11-19T15:28:49","modified_gmt":"2018-11-19T15:28:49","slug":"inscripcion-escape-room","status":"publish","type":"page","link":"https:\/\/losimperdibles.es\/2018\/inscripcion-escape-room\/","title":{"rendered":"INSCRIPCI\u00d3N ESCAPE ROOM"},"content":{"rendered":"<p>[vc_row full_width=\u00bbstretch_row_content\u00bb bg_type=\u00bbbg_color\u00bb bg_override=\u00bbfull\u00bb bg_color_value=\u00bb#f2f2f2&#8243; css=\u00bb.vc_custom_1531919726808{margin-top: -90px !important;margin-bottom: 25px !important;padding-left: 40px !important;}\u00bb][vc_column width=\u00bb2\/3&#8243; offset=\u00bbvc_hidden-md vc_hidden-sm vc_hidden-xs\u00bb][vc_row_inner][vc_column_inner width=\u00bb1\/6&#8243;][vc_column_text]<span style=\"font-family: bison-bold; font-size: 14pt;\">CON LA COLABORACI\u00d3N DE<\/span>[\/vc_column_text][\/vc_column_inner][vc_column_inner width=\u00bb1\/6&#8243;][vc_single_image image=\u00bb794&#8243; img_size=\u00bbfull\u00bb][\/vc_column_inner][vc_column_inner width=\u00bb1\/6&#8243;][\/vc_column_inner][vc_column_inner width=\u00bb1\/6&#8243;][\/vc_column_inner][vc_column_inner width=\u00bb1\/6&#8243;][\/vc_column_inner][vc_column_inner width=\u00bb1\/6&#8243;][\/vc_column_inner][\/vc_row_inner][\/vc_column][vc_column width=\u00bb1\/3&#8243;][\/vc_column][\/vc_row][vc_row full_width=\u00bbstretch_row_content\u00bb bg_type=\u00bbimage\u00bb parallax_style=\u00bbvcpb-default\u00bb bg_image_repeat=\u00bbno-repeat\u00bb css=\u00bb.vc_custom_1541600452617{margin-top: -80px !important;}\u00bb][vc_column][vc_row_inner content_placement=\u00bbmiddle\u00bb css=\u00bb.vc_custom_1541348917138{margin-right: -1.5% !important;margin-left: -1.5% !important;background-color: #000000 !important;background-position: center !important;background-repeat: no-repeat !important;background-size: cover !important;}\u00bb el_class=\u00bbFONDO\u00bb][vc_column_inner width=\u00bb1\/4&#8243; offset=\u00bbvc_hidden-sm vc_hidden-xs\u00bb][vc_empty_space height=\u00bb22px\u00bb][vc_single_image image=\u00bb889&#8243; img_size=\u00bbfull\u00bb alignment=\u00bbright\u00bb][\/vc_column_inner][vc_column_inner width=\u00bb3\/4&#8243; offset=\u00bbvc_hidden-sm vc_hidden-xs\u00bb][vc_empty_space height=\u00bb52px\u00bb]<div id=\"ultimate-heading-771769d275e58654b\" class=\"uvc-heading ult-adjust-bottom-margin ultimate-heading-771769d275e58654b uvc-3099 azul\" data-hspacer=\"no_spacer\"  data-halign=\"center\" style=\"text-align:center\"><div class=\"uvc-heading-spacer no_spacer\" style=\"top\"><\/div><div class=\"uvc-sub-heading ult-responsive\"  data-ultimate-target='.uvc-heading.ultimate-heading-771769d275e58654b .uvc-sub-heading '  data-responsive-json-new='{\"font-size\":\"desktop:90px;tablet:56px;tablet_portrait:50px;mobile_landscape:45px;mobile:35px;\",\"line-height\":\"desktop:90px;tablet:45px;tablet_portrait:45px;mobile_landscape:40px;mobile:28px;\"}'  style=\"font-weight:bold;color:#000000;\"><\/p>\n<p style=\"text-align: left;\"><span style=\"font-family: bison-bold;\"><span style=\"color: #eeee22; font-size: 36pt;\">FORMULARIO DE INSCRIPCI\u00d3N<\/span><br \/>\n<span style=\"font-size: 60pt;\"><span style=\"color: #eeee22;\">ESCAPE ROOM<\/span> <span style=\"color: #ffffff;\">#IMPERDIBLE_<\/span><span style=\"color: #53c4cf;\">03<\/span><\/span><\/span><\/p>\n<p><\/div><\/div>[vc_empty_space height=\u00bb72px\u00bb][\/vc_column_inner][\/vc_row_inner][vc_row_inner content_placement=\u00bbmiddle\u00bb css=\u00bb.vc_custom_1541348917138{margin-right: -1.5% !important;margin-left: -1.5% !important;background-color: #000000 !important;background-position: center !important;background-repeat: no-repeat !important;background-size: cover !important;}\u00bb el_class=\u00bbFONDO\u00bb][vc_column_inner offset=\u00bbvc_hidden-lg vc_hidden-md\u00bb][vc_empty_space height=\u00bb52px\u00bb]<div id=\"ultimate-heading-529769d275e5865a2\" class=\"uvc-heading ult-adjust-bottom-margin ultimate-heading-529769d275e5865a2 uvc-1837 azul\" data-hspacer=\"no_spacer\"  data-halign=\"center\" style=\"text-align:center\"><div class=\"uvc-heading-spacer no_spacer\" style=\"top\"><\/div><div class=\"uvc-sub-heading ult-responsive\"  data-ultimate-target='.uvc-heading.ultimate-heading-529769d275e5865a2 .uvc-sub-heading '  data-responsive-json-new='{\"font-size\":\"desktop:90px;tablet:56px;tablet_portrait:50px;mobile_landscape:45px;mobile:35px;\",\"line-height\":\"desktop:90px;tablet:45px;tablet_portrait:45px;mobile_landscape:40px;mobile:28px;\"}'  style=\"font-weight:bold;color:#000000;\"><\/p>\n<p style=\"text-align: center;\"><span style=\"font-family: bison-bold; font-size: 24pt;\"><span style=\"color: #eeee22;\">FORMULARIO DE INSCRIPCI\u00d3N ESCAPE ROOM #IMPERDIBLE_03<\/span><\/span><\/p>\n<p><\/div><\/div>[vc_empty_space height=\u00bb72px\u00bb][\/vc_column_inner][\/vc_row_inner][vc_row_inner css=\u00bb.vc_custom_1541351438246{background-position: center !important;background-repeat: no-repeat !important;background-size: cover !important;}\u00bb][vc_column_inner width=\u00bb1\/6&#8243;][\/vc_column_inner][vc_column_inner width=\u00bb2\/3&#8243;][vc_empty_space height=\u00bb62px\u00bb][vc_column_text]<\/p>\n<h3 style=\"text-align: center;\"><span style=\"color: #000000; font-size: 30pt; font-family: bison-bold;\">\u00bfTE ATREVES A SALVAR TU CIUDAD EN 2076?<\/span><\/h3>\n<h3 style=\"text-align: center;\"><span style=\"font-family: bison-bold; font-size: 24pt;\"><span style=\"color: #53c4cf;\">\u00a1BUENA DECISI\u00d3N! SI QUIERES ENFRENTARTE A &#8216;2076: THE PLANET DESTINITY&#8217;, EL ESCAPE ROOM DE\u00a0<\/span><span style=\"color: #53c4cf;\">#IMPERDIBLE_03, RELLENA EL SIGUIENTE FORMULARIO Y TE CONFIRMAREMOS TU PLAZA LO ANTES POSIBLE.<\/span><\/span><\/h3>\n<p>[\/vc_column_text][\/vc_column_inner][vc_column_inner width=\u00bb1\/6&#8243;][\/vc_column_inner][\/vc_row_inner][\/vc_column][\/vc_row][vc_row bg_type=\u00bbbg_color\u00bb bg_override=\u00bbfull\u00bb bg_color_value=\u00bb#ffffff\u00bb][vc_column][vc_column_text]<\/p>\n<p style=\"text-align: center;\"><strong>ESTAS SON LAS SESIONES DISPONIBLES PARA\u00a0<\/strong><strong>EL CENTRO FERN\u00c1N G\u00d3MEZ:<\/strong><\/p>\n<p style=\"text-align: center;\"><span style=\"font-size: 14pt;\"><strong><span style=\"color: #ff0000;\">TODOS LOS PASES COMPLETOS<\/span><\/strong><\/span><\/p>\n<p style=\"text-align: center;\"><span style=\"font-size: 14pt;\"><strong><span style=\"color: #ff0000;\"> En caso de liberarse plazas, se informar\u00e1 a trav\u00e9s de la App de #Imperdible_03<\/span><\/strong><\/span><\/p>\n<p style=\"text-align: center;\"><strong><span style=\"color: #a0ca28;\">VIERNES 23<\/span><\/strong><\/p>\n<p style=\"text-align: center;\"><span style=\"color: #a0ca28;\">Ma\u00f1ana<\/span>\u00a0\u00a0<del>12.20h<\/del> \/ <del>13.00h<\/del> \/ <del>13.40h<\/del> \/ <del>14.20h<\/del><br \/>\n<span style=\"color: #a0ca28;\">Tarde<\/span>\u00a0<del>15.40h<\/del> \/ <del>16.20h<\/del> \/ <del>17.00h<\/del>. \/ <del>17.40h<\/del> \/ <del>18.20h<\/del> \/ <del>19.00h<\/del> \/ <del>19.40h<\/del> \/ <del>20.20<\/del><\/p>\n<p style=\"text-align: center;\"><strong><span style=\"color: #a0ca28;\">S\u00c1BADO 24<\/span><\/strong><\/p>\n<ul>\n<li style=\"text-align: center;\"><span style=\"color: #a0ca28;\">Ma\u00f1ana<\/span>\u00a0<del>10.20h<\/del> \/ <del>11.00h<\/del>\u00a0\/ <del>11.40h<\/del> \/ <del>12.20h<\/del> \/ <del>13.00h<\/del> \/ <del>13.40h<\/del> \/ <del>14.20h<\/del><br \/>\n<span style=\"color: #a0ca28;\">Tarde<\/span>\u00a0<del>15.40h<\/del> \/ <del>16.20h<\/del> \/ <del>17.00h.<\/del> \/ <del>17.40h<\/del> \/ <del>18.20h<\/del> \/ <del>19.00h<\/del> \/ <del>19.40h<\/del> \/ <del>20.20<\/del><\/li>\n<\/ul>\n<p style=\"text-align: center;\">El aforo m\u00e1ximo de cada sesi\u00f3n ser\u00e1 de 10 personas.<br \/>\n\u00a1Mucha suerte!<\/p>\n<p>[\/vc_column_text][vc_column_text]<span style=\"font-family: dosis-bold; color: #53c4cf; font-size: 14pt;\">COMPLETA LOS SIGUIENTES DATOS PARA SOLICITAR TU\/S PLAZA\/S:<\/span>[\/vc_column_text][vc_separator color=\u00bbcustom\u00bb align=\u00bbalign_left\u00bb border_width=\u00bb2&#8243; accent_color=\u00bb#53c4cf\u00bb css=\u00bb.vc_custom_1541352006773{margin-top: -3% !important;}\u00bb][\/vc_column][\/vc_row][vc_row bg_type=\u00bbbg_color\u00bb bg_override=\u00bbfull\u00bb css=\u00bb.vc_custom_1541587743215{margin-bottom: -70px !important;background-color: #ffffff !important;background-position: center !important;background-repeat: no-repeat !important;background-size: cover !important;}\u00bb bg_color_value=\u00bb#ffffff\u00bb][vc_column css=\u00bb.vc_custom_1542640937765{background-position: center !important;background-repeat: no-repeat !important;background-size: cover !important;}\u00bb offset=\u00bbvc_hidden-lg vc_hidden-md vc_hidden-sm vc_hidden-xs\u00bb]<div role=\"form\" class=\"wpcf7\" id=\"wpcf7-f891-o1\" lang=\"es-ES\" dir=\"ltr\">\n<div class=\"screen-reader-response\"><p role=\"status\" aria-live=\"polite\" aria-atomic=\"true\"><\/p> <ul><\/ul><\/div>\n<form action=\"\/2018\/wp-json\/wp\/v2\/pages\/943#wpcf7-f891-o1\" method=\"post\" class=\"wpcf7-form init\" novalidate=\"novalidate\" data-status=\"init\">\n<div style=\"display: none;\">\n<input type=\"hidden\" name=\"_wpcf7\" value=\"891\" \/>\n<input type=\"hidden\" name=\"_wpcf7_version\" value=\"5.5.6\" \/>\n<input type=\"hidden\" name=\"_wpcf7_locale\" value=\"es_ES\" \/>\n<input type=\"hidden\" name=\"_wpcf7_unit_tag\" value=\"wpcf7-f891-o1\" \/>\n<input type=\"hidden\" name=\"_wpcf7_container_post\" value=\"0\" \/>\n<input type=\"hidden\" name=\"_wpcf7_posted_data_hash\" value=\"\" \/>\n<input type=\"hidden\" name=\"_wpcf7cf_hidden_group_fields\" value=\"[]\" \/>\n<input type=\"hidden\" name=\"_wpcf7cf_hidden_groups\" value=\"[]\" \/>\n<input type=\"hidden\" name=\"_wpcf7cf_visible_groups\" value=\"[]\" \/>\n<input type=\"hidden\" name=\"_wpcf7cf_repeaters\" value=\"[]\" \/>\n<input type=\"hidden\" name=\"_wpcf7cf_steps\" value=\"{}\" \/>\n<input type=\"hidden\" name=\"_wpcf7cf_options\" value=\"{&quot;form_id&quot;:891,&quot;conditions&quot;:[{&quot;then_field&quot;:&quot;veintitresnoviembre&quot;,&quot;and_rules&quot;:[{&quot;if_field&quot;:&quot;fecha&quot;,&quot;operator&quot;:&quot;equals&quot;,&quot;if_value&quot;:&quot;23 de noviembre&quot;}]},{&quot;then_field&quot;:&quot;veinticuatronoviembre&quot;,&quot;and_rules&quot;:[{&quot;if_field&quot;:&quot;fecha&quot;,&quot;operator&quot;:&quot;equals&quot;,&quot;if_value&quot;:&quot;24 de noviembre&quot;}]}],&quot;settings&quot;:{&quot;animation&quot;:&quot;yes&quot;,&quot;animation_intime&quot;:200,&quot;animation_outtime&quot;:200,&quot;conditions_ui&quot;:&quot;normal&quot;,&quot;notice_dismissed&quot;:false}}\" \/>\n<\/div>\n<div class=\"vc_col-sm-6 vc_col\"> NOMBRE<span class=\"wpcf7-form-control-wrap nombre\"><input type=\"text\" name=\"nombre\" value=\"\" size=\"40\" class=\"wpcf7-form-control wpcf7-text wpcf7-validates-as-required\" aria-required=\"true\" aria-invalid=\"false\" placeholder=\"Nombre*\" \/><\/span> <\/div>\n<div class=\"vc_col-sm-6 vc_col\"> APELLIDOS <span class=\"wpcf7-form-control-wrap apellido\"><input type=\"text\" name=\"apellido\" value=\"\" size=\"40\" class=\"wpcf7-form-control wpcf7-text wpcf7-validates-as-required\" aria-required=\"true\" aria-invalid=\"false\" placeholder=\"Apellidos*\" \/><\/span> <\/div>\n<div class=\"vc_col-sm-6 vc_col\"> E-MAIL <span class=\"wpcf7-form-control-wrap your-email\"><input type=\"email\" name=\"your-email\" value=\"\" size=\"40\" class=\"wpcf7-form-control wpcf7-text wpcf7-email wpcf7-validates-as-required wpcf7-validates-as-email\" aria-required=\"true\" aria-invalid=\"false\" placeholder=\"Correo*\" \/><\/span> <\/div>\n<div class=\"vc_col-sm-6 vc_col\"> TEL\u00c9FONO <span class=\"wpcf7-form-control-wrap telefono\"><input type=\"tel\" name=\"telefono\" value=\"\" size=\"40\" class=\"wpcf7-form-control wpcf7-text wpcf7-tel wpcf7-validates-as-required wpcf7-validates-as-tel\" aria-required=\"true\" aria-invalid=\"false\" placeholder=\"Tel\u00e9fono*\" \/><\/span> <\/div>\n<div class=\"vc_col-sm-6 vc_col\"> N\u00ba DE PERSONAS <span class=\"wpcf7-form-control-wrap personas\"><select name=\"personas\" class=\"wpcf7-form-control wpcf7-select wpcf7-validates-as-required\" aria-required=\"true\" aria-invalid=\"false\"><option value=\"\">---<\/option><option value=\"1\">1<\/option><option value=\"2\">2<\/option><option value=\"3\">3<\/option><option value=\"4\">4<\/option><option value=\"5\">5<\/option><option value=\"6\">6<\/option><option value=\"7\">7<\/option><option value=\"8\">8<\/option><option value=\"9\">9<\/option><option value=\"10\">10<\/option><\/select><\/span> <\/div>\n<div class=\"vc_col-sm-6 vc_col\"> FECHA <span class=\"wpcf7-form-control-wrap fecha\"><select name=\"fecha\" class=\"wpcf7-form-control wpcf7-select wpcf7-validates-as-required\" aria-required=\"true\" aria-invalid=\"false\"><option value=\"\">---<\/option><option value=\"23 de noviembre\">23 de noviembre<\/option><\/select><\/span> <\/div>\n<div class=\"vc_col-sm-6 vc_col\">\n<div data-id=\"veintitresnoviembre\" data-orig_data_id=\"veintitresnoviembre\" data-clear_on_hide data-class=\"wpcf7cf_group\">\n<div class=\"vc_col-sm-6 vc_col\">23 DE NOVIEMBRE - HORA <span class=\"wpcf7-form-control-wrap horaa\"><select name=\"horaa\" class=\"wpcf7-form-control wpcf7-select wpcf7-validates-as-required\" aria-required=\"true\" aria-invalid=\"false\"><option value=\"\">---<\/option><option value=\"13.00h\">13.00h<\/option><option value=\"13.40h\">13.40h<\/option><option value=\"14.20h\">14.20h<\/option><\/select><\/span> <\/div>\n<\/div>\n<div data-id=\"veinticuatronoviembre\" data-orig_data_id=\"veinticuatronoviembre\" data-clear_on_hide data-class=\"wpcf7cf_group\">\n<div class=\"vc_col-sm-6 vc_col\">24 DE NOVIEMBRE - HORA <span class=\"wpcf7-form-control-wrap horab\"><select name=\"horab\" class=\"wpcf7-form-control wpcf7-select wpcf7-validates-as-required\" aria-required=\"true\" aria-invalid=\"false\"><option value=\"NO DISPONIBLE\">NO DISPONIBLE<\/option><\/select><\/span> <\/div>\n<\/div>\n<\/div>\n<p><br\/><br \/>\n<label> <span class=\"wpcf7-form-control-wrap comentarios\"><input type=\"text\" name=\"comentarios\" value=\"\" size=\"40\" class=\"wpcf7-form-control wpcf7-text comentar\" aria-invalid=\"false\" placeholder=\"Comentarios*\" \/><\/span> <\/label><\/p>\n<p><span class=\"wpcf7-form-control-wrap acceptance-1\"><span class=\"wpcf7-form-control wpcf7-acceptance\"><span class=\"wpcf7-list-item\"><label><input type=\"checkbox\" name=\"acceptance-1\" value=\"1\" aria-invalid=\"false\" \/><span class=\"wpcf7-list-item-label\"><span style=\"color: #bbbbbb; font-size: 9pt;\">Acepto la <a href=\"https:\/\/losimperdibles.es\/2018\/politica-de-privacidad\/\">pol\u00edtica de privacidad<\/a> <\/span><\/span><\/label><\/span><\/span><\/span><\/p>\n<p><label><input type=\"submit\" value=\"ENVIAR\" class=\"wpcf7-form-control has-spinner wpcf7-submit enviar\" \/><\/label><\/p>\n<p style=\"display: none !important;\"><label>&#916;<textarea name=\"_wpcf7_ak_hp_textarea\" cols=\"45\" rows=\"8\" maxlength=\"100\"><\/textarea><\/label><input type=\"hidden\" id=\"ak_js_1\" name=\"_wpcf7_ak_js\" value=\"22\"\/><script>document.getElementById( \"ak_js_1\" ).setAttribute( \"value\", ( new Date() ).getTime() );<\/script><\/p><div class=\"wpcf7-response-output\" aria-hidden=\"true\"><\/div><\/form><\/div>[vc_empty_space][\/vc_column][\/vc_row]<\/p>\n","protected":false},"excerpt":{"rendered":"<p>[vc_row full_width=\u00bbstretch_row_content\u00bb bg_type=\u00bbbg_color\u00bb bg_override=\u00bbfull\u00bb bg_color_value=\u00bb#f2f2f2&#8243; css=\u00bb.vc_custom_1531919726808{margin-top: -90px !important;margin-bottom: 25px !important;padding-left: 40px !important;}\u00bb][vc_column width=\u00bb2\/3&#8243; offset=\u00bbvc_hidden-md vc_hidden-sm vc_hidden-xs\u00bb][vc_row_inner][vc_column_inner width=\u00bb1\/6&#8243;][vc_column_text]CON LA COLABORACI\u00d3N DE[\/vc_column_text][\/vc_column_inner][vc_column_inner width=\u00bb1\/6&#8243;][vc_single_image image=\u00bb794&#8243; img_size=\u00bbfull\u00bb][\/vc_column_inner][vc_column_inner width=\u00bb1\/6&#8243;][\/vc_column_inner][vc_column_inner width=\u00bb1\/6&#8243;][\/vc_column_inner][vc_column_inner width=\u00bb1\/6&#8243;][\/vc_column_inner][vc_column_inner width=\u00bb1\/6&#8243;][\/vc_column_inner][\/vc_row_inner][\/vc_column][vc_column width=\u00bb1\/3&#8243;][\/vc_column][\/vc_row][vc_row full_width=\u00bbstretch_row_content\u00bb bg_type=\u00bbimage\u00bb parallax_style=\u00bbvcpb-default\u00bb bg_image_repeat=\u00bbno-repeat\u00bb css=\u00bb.vc_custom_1541600452617{margin-top: -80px !important;}\u00bb][vc_column][vc_row_inner content_placement=\u00bbmiddle\u00bb css=\u00bb.vc_custom_1541348917138{margin-right: -1.5% !important;margin-left: -1.5% !important;background-color: #000000 !important;background-position: center !important;background-repeat: no-repeat !important;background-size: cover !important;}\u00bb el_class=\u00bbFONDO\u00bb][vc_column_inner width=\u00bb1\/4&#8243; offset=\u00bbvc_hidden-sm vc_hidden-xs\u00bb][vc_empty_space height=\u00bb22px\u00bb][vc_single_image image=\u00bb889&#8243;&hellip;<\/p>\n","protected":false},"author":1,"featured_media":0,"parent":0,"menu_order":0,"comment_status":"closed","ping_status":"closed","template":"","meta":[],"yoast_head":"<!-- This site is optimized with the Yoast SEO plugin v18.6 - https:\/\/yoast.com\/wordpress\/plugins\/seo\/ -->\n<title>INSCRIPCI\u00d3N ESCAPE ROOM - Los Imperdibles<\/title>\n<meta name=\"robots\" content=\"index, follow, max-snippet:-1, max-image-preview:large, max-video-preview:-1\" \/>\n<link rel=\"canonical\" href=\"https:\/\/losimperdibles.es\/2018\/inscripcion-escape-room\/\" \/>\n<meta property=\"og:locale\" content=\"es_ES\" \/>\n<meta property=\"og:type\" content=\"article\" \/>\n<meta property=\"og:title\" content=\"INSCRIPCI\u00d3N ESCAPE ROOM - Los Imperdibles\" \/>\n<meta property=\"og:description\" content=\"[vc_row full_width=\u00bbstretch_row_content\u00bb bg_type=\u00bbbg_color\u00bb bg_override=\u00bbfull\u00bb bg_color_value=\u00bb#f2f2f2&#8243; css=\u00bb.vc_custom_1531919726808{margin-top: -90px !important;margin-bottom: 25px !important;padding-left: 40px !important;}\u00bb][vc_column width=\u00bb2\/3&#8243; offset=\u00bbvc_hidden-md vc_hidden-sm vc_hidden-xs\u00bb][vc_row_inner][vc_column_inner width=\u00bb1\/6&#8243;][vc_column_text]CON LA COLABORACI\u00d3N DE[\/vc_column_text][\/vc_column_inner][vc_column_inner width=\u00bb1\/6&#8243;][vc_single_image image=\u00bb794&#8243; img_size=\u00bbfull\u00bb][\/vc_column_inner][vc_column_inner width=\u00bb1\/6&#8243;][\/vc_column_inner][vc_column_inner width=\u00bb1\/6&#8243;][\/vc_column_inner][vc_column_inner width=\u00bb1\/6&#8243;][\/vc_column_inner][vc_column_inner width=\u00bb1\/6&#8243;][\/vc_column_inner][\/vc_row_inner][\/vc_column][vc_column width=\u00bb1\/3&#8243;][\/vc_column][\/vc_row][vc_row full_width=\u00bbstretch_row_content\u00bb bg_type=\u00bbimage\u00bb parallax_style=\u00bbvcpb-default\u00bb bg_image_repeat=\u00bbno-repeat\u00bb css=\u00bb.vc_custom_1541600452617{margin-top: -80px !important;}\u00bb][vc_column][vc_row_inner content_placement=\u00bbmiddle\u00bb css=\u00bb.vc_custom_1541348917138{margin-right: -1.5% !important;margin-left: -1.5% !important;background-color: #000000 !important;background-position: center !important;background-repeat: no-repeat !important;background-size: cover !important;}\u00bb el_class=\u00bbFONDO\u00bb][vc_column_inner width=\u00bb1\/4&#8243; offset=\u00bbvc_hidden-sm vc_hidden-xs\u00bb][vc_empty_space height=\u00bb22px\u00bb][vc_single_image image=\u00bb889&#8243;&hellip;\" \/>\n<meta property=\"og:url\" content=\"https:\/\/losimperdibles.es\/2018\/inscripcion-escape-room\/\" \/>\n<meta property=\"og:site_name\" content=\"Los Imperdibles\" \/>\n<meta property=\"article:modified_time\" content=\"2018-11-19T15:28:49+00:00\" \/>\n<meta name=\"twitter:card\" content=\"summary_large_image\" \/>\n<meta name=\"twitter:label1\" content=\"Tiempo de lectura\" \/>\n\t<meta name=\"twitter:data1\" content=\"4 minutos\" \/>\n<script type=\"application\/ld+json\" class=\"yoast-schema-graph\">{\"@context\":\"https:\/\/schema.org\",\"@graph\":[{\"@type\":\"WebSite\",\"@id\":\"https:\/\/losimperdibles.es\/2018\/#website\",\"url\":\"https:\/\/losimperdibles.es\/2018\/\",\"name\":\"Los Imperdibles\",\"description\":\"\",\"potentialAction\":[{\"@type\":\"SearchAction\",\"target\":{\"@type\":\"EntryPoint\",\"urlTemplate\":\"https:\/\/losimperdibles.es\/2018\/?s={search_term_string}\"},\"query-input\":\"required name=search_term_string\"}],\"inLanguage\":\"es\"},{\"@type\":\"WebPage\",\"@id\":\"https:\/\/losimperdibles.es\/2018\/inscripcion-escape-room\/#webpage\",\"url\":\"https:\/\/losimperdibles.es\/2018\/inscripcion-escape-room\/\",\"name\":\"INSCRIPCI\u00d3N ESCAPE ROOM - Los Imperdibles\",\"isPartOf\":{\"@id\":\"https:\/\/losimperdibles.es\/2018\/#website\"},\"datePublished\":\"2018-11-05T09:57:18+00:00\",\"dateModified\":\"2018-11-19T15:28:49+00:00\",\"breadcrumb\":{\"@id\":\"https:\/\/losimperdibles.es\/2018\/inscripcion-escape-room\/#breadcrumb\"},\"inLanguage\":\"es\",\"potentialAction\":[{\"@type\":\"ReadAction\",\"target\":[\"https:\/\/losimperdibles.es\/2018\/inscripcion-escape-room\/\"]}]},{\"@type\":\"BreadcrumbList\",\"@id\":\"https:\/\/losimperdibles.es\/2018\/inscripcion-escape-room\/#breadcrumb\",\"itemListElement\":[{\"@type\":\"ListItem\",\"position\":1,\"name\":\"Portada\",\"item\":\"https:\/\/losimperdibles.es\/2018\/\"},{\"@type\":\"ListItem\",\"position\":2,\"name\":\"INSCRIPCI\u00d3N ESCAPE ROOM\"}]}]}<\/script>\n<!-- \/ Yoast SEO plugin. -->","yoast_head_json":{"title":"INSCRIPCI\u00d3N ESCAPE ROOM - Los Imperdibles","robots":{"index":"index","follow":"follow","max-snippet":"max-snippet:-1","max-image-preview":"max-image-preview:large","max-video-preview":"max-video-preview:-1"},"canonical":"https:\/\/losimperdibles.es\/2018\/inscripcion-escape-room\/","og_locale":"es_ES","og_type":"article","og_title":"INSCRIPCI\u00d3N ESCAPE ROOM - Los Imperdibles","og_description":"[vc_row full_width=\u00bbstretch_row_content\u00bb bg_type=\u00bbbg_color\u00bb bg_override=\u00bbfull\u00bb bg_color_value=\u00bb#f2f2f2&#8243; css=\u00bb.vc_custom_1531919726808{margin-top: -90px !important;margin-bottom: 25px !important;padding-left: 40px !important;}\u00bb][vc_column width=\u00bb2\/3&#8243; offset=\u00bbvc_hidden-md vc_hidden-sm vc_hidden-xs\u00bb][vc_row_inner][vc_column_inner width=\u00bb1\/6&#8243;][vc_column_text]CON LA COLABORACI\u00d3N DE[\/vc_column_text][\/vc_column_inner][vc_column_inner width=\u00bb1\/6&#8243;][vc_single_image image=\u00bb794&#8243; img_size=\u00bbfull\u00bb][\/vc_column_inner][vc_column_inner width=\u00bb1\/6&#8243;][\/vc_column_inner][vc_column_inner width=\u00bb1\/6&#8243;][\/vc_column_inner][vc_column_inner width=\u00bb1\/6&#8243;][\/vc_column_inner][vc_column_inner width=\u00bb1\/6&#8243;][\/vc_column_inner][\/vc_row_inner][\/vc_column][vc_column width=\u00bb1\/3&#8243;][\/vc_column][\/vc_row][vc_row full_width=\u00bbstretch_row_content\u00bb bg_type=\u00bbimage\u00bb parallax_style=\u00bbvcpb-default\u00bb bg_image_repeat=\u00bbno-repeat\u00bb css=\u00bb.vc_custom_1541600452617{margin-top: -80px !important;}\u00bb][vc_column][vc_row_inner content_placement=\u00bbmiddle\u00bb css=\u00bb.vc_custom_1541348917138{margin-right: -1.5% !important;margin-left: -1.5% !important;background-color: #000000 !important;background-position: center !important;background-repeat: no-repeat !important;background-size: cover !important;}\u00bb el_class=\u00bbFONDO\u00bb][vc_column_inner width=\u00bb1\/4&#8243; offset=\u00bbvc_hidden-sm vc_hidden-xs\u00bb][vc_empty_space height=\u00bb22px\u00bb][vc_single_image image=\u00bb889&#8243;&hellip;","og_url":"https:\/\/losimperdibles.es\/2018\/inscripcion-escape-room\/","og_site_name":"Los Imperdibles","article_modified_time":"2018-11-19T15:28:49+00:00","twitter_card":"summary_large_image","twitter_misc":{"Tiempo de lectura":"4 minutos"},"schema":{"@context":"https:\/\/schema.org","@graph":[{"@type":"WebSite","@id":"https:\/\/losimperdibles.es\/2018\/#website","url":"https:\/\/losimperdibles.es\/2018\/","name":"Los Imperdibles","description":"","potentialAction":[{"@type":"SearchAction","target":{"@type":"EntryPoint","urlTemplate":"https:\/\/losimperdibles.es\/2018\/?s={search_term_string}"},"query-input":"required name=search_term_string"}],"inLanguage":"es"},{"@type":"WebPage","@id":"https:\/\/losimperdibles.es\/2018\/inscripcion-escape-room\/#webpage","url":"https:\/\/losimperdibles.es\/2018\/inscripcion-escape-room\/","name":"INSCRIPCI\u00d3N ESCAPE ROOM - Los Imperdibles","isPartOf":{"@id":"https:\/\/losimperdibles.es\/2018\/#website"},"datePublished":"2018-11-05T09:57:18+00:00","dateModified":"2018-11-19T15:28:49+00:00","breadcrumb":{"@id":"https:\/\/losimperdibles.es\/2018\/inscripcion-escape-room\/#breadcrumb"},"inLanguage":"es","potentialAction":[{"@type":"ReadAction","target":["https:\/\/losimperdibles.es\/2018\/inscripcion-escape-room\/"]}]},{"@type":"BreadcrumbList","@id":"https:\/\/losimperdibles.es\/2018\/inscripcion-escape-room\/#breadcrumb","itemListElement":[{"@type":"ListItem","position":1,"name":"Portada","item":"https:\/\/losimperdibles.es\/2018\/"},{"@type":"ListItem","position":2,"name":"INSCRIPCI\u00d3N ESCAPE ROOM"}]}]}},"_links":{"self":[{"href":"https:\/\/losimperdibles.es\/2018\/wp-json\/wp\/v2\/pages\/943"}],"collection":[{"href":"https:\/\/losimperdibles.es\/2018\/wp-json\/wp\/v2\/pages"}],"about":[{"href":"https:\/\/losimperdibles.es\/2018\/wp-json\/wp\/v2\/types\/page"}],"author":[{"embeddable":true,"href":"https:\/\/losimperdibles.es\/2018\/wp-json\/wp\/v2\/users\/1"}],"replies":[{"embeddable":true,"href":"https:\/\/losimperdibles.es\/2018\/wp-json\/wp\/v2\/comments?post=943"}],"version-history":[{"count":39,"href":"https:\/\/losimperdibles.es\/2018\/wp-json\/wp\/v2\/pages\/943\/revisions"}],"predecessor-version":[{"id":1735,"href":"https:\/\/losimperdibles.es\/2018\/wp-json\/wp\/v2\/pages\/943\/revisions\/1735"}],"wp:attachment":[{"href":"https:\/\/losimperdibles.es\/2018\/wp-json\/wp\/v2\/media?parent=943"}],"curies":[{"name":"wp","href":"https:\/\/api.w.org\/{rel}","templated":true}]}}