{"id":2678,"date":"2019-04-22T12:05:29","date_gmt":"2019-04-22T11:05:29","guid":{"rendered":"https:\/\/losimperdibles.es\/2019\/?page_id=2678"},"modified":"2019-05-23T09:51:28","modified_gmt":"2019-05-23T08:51:28","slug":"heroe-anonimo","status":"publish","type":"page","link":"https:\/\/losimperdibles.es\/2019\/heroe-anonimo\/","title":{"rendered":"H\u00c9ROE AN\u00d3NIMO"},"content":{"rendered":"<p>[vc_row full_width=\u00bbstretch_row_content_no_spaces\u00bb bg_type=\u00bbimage\u00bb parallax_style=\u00bbvcpb-default\u00bb bg_image_new=\u00bbid^2533|url^https:\/\/losimperdibles.es\/2019\/wp-content\/uploads\/2019\/03\/Recurso-28.png|caption^null|alt^null|title^Recurso 28|description^null\u00bb bg_image_repeat=\u00bbno-repeat\u00bb bg_override=\u00bbfull\u00bb css=\u00bb.vc_custom_1552661369864{margin-top: -70px !important;}\u00bb][vc_column][vc_row_inner content_placement=\u00bbmiddle\u00bb css=\u00bb.vc_custom_1552661418852{padding-right: 10% !important;padding-left: 10% !important;background-position: center !important;background-repeat: no-repeat !important;background-size: contain !important;}\u00bb][vc_column_inner width=\u00bb1\/6&#8243;][\/vc_column_inner][vc_column_inner width=\u00bb2\/3&#8243;]<div id=\"ultimate-heading-45316a038bfd08604\" class=\"uvc-heading ult-adjust-bottom-margin ultimate-heading-45316a038bfd08604 uvc-2141 \" data-hspacer=\"no_spacer\"  data-halign=\"center\" style=\"text-align:center\"><div class=\"uvc-heading-spacer no_spacer\" style=\"top\"><\/div><div class=\"uvc-main-heading ult-responsive\"  data-ultimate-target='.uvc-heading.ultimate-heading-45316a038bfd08604 h2'  data-responsive-json-new='{\"font-size\":\"desktop:60px;tablet:44px;tablet_portrait:38px;mobile_landscape:28px;mobile:26px;\",\"line-height\":\"\"}' ><h2 style=\"--font-weight:theme;color:#000000;\">JUEGO H\u00c9ROE AN\u00d3NIMO<\/h2><\/div><\/div>[\/vc_column_inner][vc_column_inner width=\u00bb1\/6&#8243;][\/vc_column_inner][\/vc_row_inner]<div class=\"ult-spacer spacer-6a038bfd0863a\" data-id=\"6a038bfd0863a\" data-height=\"50\" data-height-mobile=\"50\" data-height-tab=\"50\" data-height-tab-portrait=\"50\" data-height-mobile-landscape=\"50\" style=\"clear:both;display:block;\"><\/div>[\/vc_column][\/vc_row][vc_row bg_type=\u00bbimage\u00bb parallax_style=\u00bbvcpb-default\u00bb bg_image_new=\u00bbid^2697|url^https:\/\/losimperdibles.es\/2019\/wp-content\/uploads\/2019\/04\/Pantalla-Juego_01.jpg|caption^null|alt^null|title^Pantalla-Juego_01|description^null\u00bb bg_image_repeat=\u00bbno-repeat\u00bb bg_override=\u00bbfull\u00bb][vc_column][vc_empty_space][vc_column_text]<\/p>\n<h3 style=\"text-align: center;\"><span style=\"font-family: zarista; color: #ffffff; font-size: 21pt;\">EN TU D\u00cdA A D\u00cdA TAMBI\u00c9N PUEDES AYUDAR A MEJORAR LA VIDA EN EL PLANETA. EN ESTE JUEGO PODR\u00c1S CONVERTIRTE EN UN H\u00c9ROE SI SABES COMBINAR LOS ELEMENTOS PARA CUMPLIR TODOS LOS ODS.<\/span><\/h3>\n<p>[\/vc_column_text][vc_empty_space][\/vc_column][\/vc_row][vc_row][vc_column][vc_column_text]<\/p>\n<h3 style=\"text-align: center;\"><span style=\"font-family: zarista;\">ELIGE EL ORDEN CORRECTO DE LOS ELEMENTOS PARA CONSEGUIR ACTIVAR TODOS LOS ODS.\u00a1PUEDES INTENTARLO TODAS LAS VECES QUE QUIERAS!<br \/>\n<span style=\"color: #25b9e1;\">\u00a1DALE PLAY AL PLANETA!<\/span><\/span><\/h3>\n<p>[\/vc_column_text][\/vc_column][\/vc_row][vc_row][vc_column el_id=\u00bbjuego1&#8243;][vc_column_text]<style type=\"text\/css\">\n       .errordiv { padding:10px; margin:10px; border: 1px solid #555555;color: #000000;background-color: #f8f8f8; width:500px; }#advanced_iframe {visibility:visible;opacity:1;vertical-align:top;}.ai-info-bottom-iframe { position: fixed; z-index: 10000; bottom:0; left: 0; margin: 0px; text-align: center; width: 100%; background-color: #ff9999; padding-left: 5px;padding-bottom: 5px; border-top: 1px solid #aaa } a.ai-bold {font-weight: bold;}#ai-layer-div-advanced_iframe p {height:100%;margin:0;padding:0}<\/style><script type=\"text\/javascript\">var ai_iframe_width_advanced_iframe = 0;var ai_iframe_height_advanced_iframe = 0;var aiIsIe8=false;var aiOnloadScrollTop=\"true\";var aiShowDebug=false;\n\t\tif (typeof aiReadyCallbacks === 'undefined') {\n\t\t\tvar aiReadyCallbacks = [];  \n\t\t} else if (!(aiReadyCallbacks instanceof Array)) {\n\t\t\tvar aiReadyCallbacks = [];\n\t\t}    function aiShowIframeId(id_iframe) { jQuery(\"#\"+id_iframe).css(\"visibility\", \"visible\");    }    function aiResizeIframeHeight(height) { aiResizeIframeHeight(height,advanced_iframe); }    function aiResizeIframeHeightId(height,width,id) {aiResizeIframeHeightById(id,height);}<\/script><iframe id=\"advanced_iframe\"  name=\"advanced_iframe\"  src=\"\/\/losimperdibles.es\/juego\/\"  width=\"100%\"  height=\"900\"  frameborder=\"0\"  allowtransparency=\"true\"  loading=\"lazy\"  style=\";width:100%;height:900px;\" ><\/iframe><script type=\"text\/javascript\">var ifrm_advanced_iframe = document.getElementById(\"advanced_iframe\");var hiddenTabsDoneadvanced_iframe = false;\nfunction resizeCallbackadvanced_iframe() {}<\/script><script type=\"text\/javascript\"><\/script>[\/vc_column_text][\/vc_column][\/vc_row]<\/p>\n","protected":false},"excerpt":{"rendered":"<p>[vc_row full_width=\u00bbstretch_row_content_no_spaces\u00bb bg_type=\u00bbimage\u00bb parallax_style=\u00bbvcpb-default\u00bb bg_image_new=\u00bbid^2533|url^https:\/\/losimperdibles.es\/2019\/wp-content\/uploads\/2019\/03\/Recurso-28.png|caption^null|alt^null|title^Recurso 28|description^null\u00bb bg_image_repeat=\u00bbno-repeat\u00bb bg_override=\u00bbfull\u00bb css=\u00bb.vc_custom_1552661369864{margin-top: -70px !important;}\u00bb][vc_column][vc_row_inner content_placement=\u00bbmiddle\u00bb css=\u00bb.vc_custom_1552661418852{padding-right: 10% !important;padding-left: 10% !important;background-position: center !important;background-repeat: no-repeat !important;background-size: contain !important;}\u00bb][vc_column_inner width=\u00bb1\/6&#8243;][\/vc_column_inner][vc_column_inner width=\u00bb2\/3&#8243;][\/vc_column_inner][vc_column_inner width=\u00bb1\/6&#8243;][\/vc_column_inner][\/vc_row_inner][\/vc_column][\/vc_row][vc_row bg_type=\u00bbimage\u00bb parallax_style=\u00bbvcpb-default\u00bb bg_image_new=\u00bbid^2697|url^https:\/\/losimperdibles.es\/2019\/wp-content\/uploads\/2019\/04\/Pantalla-Juego_01.jpg|caption^null|alt^null|title^Pantalla-Juego_01|description^null\u00bb bg_image_repeat=\u00bbno-repeat\u00bb bg_override=\u00bbfull\u00bb][vc_column][vc_empty_space][vc_column_text] EN TU D\u00cdA A D\u00cdA TAMBI\u00c9N PUEDES AYUDAR A MEJORAR LA VIDA EN EL PLANETA. EN ESTE JUEGO PODR\u00c1S CONVERTIRTE EN UN H\u00c9ROE SI&hellip;<\/p>\n","protected":false},"author":1,"featured_media":0,"parent":0,"menu_order":0,"comment_status":"closed","ping_status":"closed","template":"template-microsite.php","meta":[],"yoast_head":"<!-- This site is optimized with the Yoast SEO plugin v18.6 - https:\/\/yoast.com\/wordpress\/plugins\/seo\/ -->\n<title>H\u00c9ROE AN\u00d3NIMO - Imperdibles_04<\/title>\n<meta name=\"robots\" content=\"index, follow, max-snippet:-1, max-image-preview:large, max-video-preview:-1\" \/>\n<link rel=\"canonical\" href=\"https:\/\/losimperdibles.es\/heroe-anonimo\/\" \/>\n<meta property=\"og:locale\" content=\"es_ES\" \/>\n<meta property=\"og:type\" content=\"article\" \/>\n<meta property=\"og:title\" content=\"Convi\u00e9rtete en un h\u00e9roe an\u00f3mimo\" \/>\n<meta property=\"og:description\" content=\"[vc_row full_width=\u00bbstretch_row_content_no_spaces\u00bb bg_type=\u00bbimage\u00bb parallax_style=\u00bbvcpb-default\u00bb bg_image_new=\u00bbid^2533|url^https:\/\/losimperdibles.es\/2019\/wp-content\/uploads\/2019\/03\/Recurso-28.png|caption^null|alt^null|title^Recurso 28|description^null\u00bb bg_image_repeat=\u00bbno-repeat\u00bb bg_override=\u00bbfull\u00bb css=\u00bb.vc_custom_1552661369864{margin-top: -70px !important;}\u00bb][vc_column][vc_row_inner content_placement=\u00bbmiddle\u00bb css=\u00bb.vc_custom_1552661418852{padding-right: 10% !important;padding-left: 10% !important;background-position: center !important;background-repeat: no-repeat !important;background-size: contain !important;}\u00bb][vc_column_inner width=\u00bb1\/6&#8243;][\/vc_column_inner][vc_column_inner width=\u00bb2\/3&#8243;][\/vc_column_inner][vc_column_inner width=\u00bb1\/6&#8243;][\/vc_column_inner][\/vc_row_inner][\/vc_column][\/vc_row][vc_row bg_type=\u00bbimage\u00bb parallax_style=\u00bbvcpb-default\u00bb bg_image_new=\u00bbid^2697|url^https:\/\/losimperdibles.es\/2019\/wp-content\/uploads\/2019\/04\/Pantalla-Juego_01.jpg|caption^null|alt^null|title^Pantalla-Juego_01|description^null\u00bb bg_image_repeat=\u00bbno-repeat\u00bb bg_override=\u00bbfull\u00bb][vc_column][vc_empty_space][vc_column_text] EN TU D\u00cdA A D\u00cdA TAMBI\u00c9N PUEDES AYUDAR A MEJORAR LA VIDA EN EL PLANETA. EN ESTE JUEGO PODR\u00c1S CONVERTIRTE EN UN H\u00c9ROE SI&hellip;\" \/>\n<meta property=\"og:url\" content=\"https:\/\/losimperdibles.es\/heroe-anonimo\/\" \/>\n<meta property=\"og:site_name\" content=\"Imperdibles_04\" \/>\n<meta property=\"article:modified_time\" content=\"2019-05-23T08:51:28+00:00\" \/>\n<meta property=\"og:image\" content=\"https:\/\/losimperdibles.es\/wp-content\/uploads\/2019\/05\/H\u00e9roe-An\u00f3nimo-1.jpg\" \/>\n\t<meta property=\"og:image:width\" content=\"1201\" \/>\n\t<meta property=\"og:image:height\" content=\"629\" \/>\n\t<meta property=\"og:image:type\" content=\"image\/jpeg\" \/>\n<meta name=\"twitter:card\" content=\"summary_large_image\" \/>\n<meta name=\"twitter:label1\" content=\"Tiempo de lectura\" \/>\n\t<meta name=\"twitter:data1\" content=\"2 minutos\" \/>\n<script type=\"application\/ld+json\" class=\"yoast-schema-graph\">{\"@context\":\"https:\/\/schema.org\",\"@graph\":[{\"@type\":\"WebSite\",\"@id\":\"https:\/\/losimperdibles.es\/2019\/#website\",\"url\":\"https:\/\/losimperdibles.es\/2019\/\",\"name\":\"Imperdibles_04\",\"description\":\"\",\"potentialAction\":[{\"@type\":\"SearchAction\",\"target\":{\"@type\":\"EntryPoint\",\"urlTemplate\":\"https:\/\/losimperdibles.es\/2019\/?s={search_term_string}\"},\"query-input\":\"required name=search_term_string\"}],\"inLanguage\":\"es\"},{\"@type\":\"ImageObject\",\"@id\":\"https:\/\/losimperdibles.es\/heroe-anonimo\/#primaryimage\",\"inLanguage\":\"es\",\"url\":\"https:\/\/losimperdibles.es\/2019\/wp-content\/uploads\/2019\/05\/H\u00e9roe-An\u00f3nimo-1.jpg\",\"contentUrl\":\"https:\/\/losimperdibles.es\/2019\/wp-content\/uploads\/2019\/05\/H\u00e9roe-An\u00f3nimo-1.jpg\",\"width\":1201,\"height\":629},{\"@type\":\"WebPage\",\"@id\":\"https:\/\/losimperdibles.es\/heroe-anonimo\/#webpage\",\"url\":\"https:\/\/losimperdibles.es\/heroe-anonimo\/\",\"name\":\"H\u00c9ROE AN\u00d3NIMO - Imperdibles_04\",\"isPartOf\":{\"@id\":\"https:\/\/losimperdibles.es\/2019\/#website\"},\"datePublished\":\"2019-04-22T11:05:29+00:00\",\"dateModified\":\"2019-05-23T08:51:28+00:00\",\"breadcrumb\":{\"@id\":\"https:\/\/losimperdibles.es\/heroe-anonimo\/#breadcrumb\"},\"inLanguage\":\"es\",\"potentialAction\":[{\"@type\":\"ReadAction\",\"target\":[\"https:\/\/losimperdibles.es\/heroe-anonimo\/\"]}]},{\"@type\":\"BreadcrumbList\",\"@id\":\"https:\/\/losimperdibles.es\/heroe-anonimo\/#breadcrumb\",\"itemListElement\":[{\"@type\":\"ListItem\",\"position\":1,\"name\":\"H\u00c9ROE AN\u00d3NIMO\"}]}]}<\/script>\n<!-- \/ Yoast SEO plugin. -->","yoast_head_json":{"title":"H\u00c9ROE AN\u00d3NIMO - Imperdibles_04","robots":{"index":"index","follow":"follow","max-snippet":"max-snippet:-1","max-image-preview":"max-image-preview:large","max-video-preview":"max-video-preview:-1"},"canonical":"https:\/\/losimperdibles.es\/heroe-anonimo\/","og_locale":"es_ES","og_type":"article","og_title":"Convi\u00e9rtete en un h\u00e9roe an\u00f3mimo","og_description":"[vc_row full_width=\u00bbstretch_row_content_no_spaces\u00bb bg_type=\u00bbimage\u00bb parallax_style=\u00bbvcpb-default\u00bb bg_image_new=\u00bbid^2533|url^https:\/\/losimperdibles.es\/2019\/wp-content\/uploads\/2019\/03\/Recurso-28.png|caption^null|alt^null|title^Recurso 28|description^null\u00bb bg_image_repeat=\u00bbno-repeat\u00bb bg_override=\u00bbfull\u00bb css=\u00bb.vc_custom_1552661369864{margin-top: -70px !important;}\u00bb][vc_column][vc_row_inner content_placement=\u00bbmiddle\u00bb css=\u00bb.vc_custom_1552661418852{padding-right: 10% !important;padding-left: 10% !important;background-position: center !important;background-repeat: no-repeat !important;background-size: contain !important;}\u00bb][vc_column_inner width=\u00bb1\/6&#8243;][\/vc_column_inner][vc_column_inner width=\u00bb2\/3&#8243;][\/vc_column_inner][vc_column_inner width=\u00bb1\/6&#8243;][\/vc_column_inner][\/vc_row_inner][\/vc_column][\/vc_row][vc_row bg_type=\u00bbimage\u00bb parallax_style=\u00bbvcpb-default\u00bb bg_image_new=\u00bbid^2697|url^https:\/\/losimperdibles.es\/2019\/wp-content\/uploads\/2019\/04\/Pantalla-Juego_01.jpg|caption^null|alt^null|title^Pantalla-Juego_01|description^null\u00bb bg_image_repeat=\u00bbno-repeat\u00bb bg_override=\u00bbfull\u00bb][vc_column][vc_empty_space][vc_column_text] EN TU D\u00cdA A D\u00cdA TAMBI\u00c9N PUEDES AYUDAR A MEJORAR LA VIDA EN EL PLANETA. EN ESTE JUEGO PODR\u00c1S CONVERTIRTE EN UN H\u00c9ROE SI&hellip;","og_url":"https:\/\/losimperdibles.es\/heroe-anonimo\/","og_site_name":"Imperdibles_04","article_modified_time":"2019-05-23T08:51:28+00:00","og_image":[{"width":1201,"height":629,"url":"https:\/\/losimperdibles.es\/wp-content\/uploads\/2019\/05\/H\u00e9roe-An\u00f3nimo-1.jpg","type":"image\/jpeg"}],"twitter_card":"summary_large_image","twitter_misc":{"Tiempo de lectura":"2 minutos"},"schema":{"@context":"https:\/\/schema.org","@graph":[{"@type":"WebSite","@id":"https:\/\/losimperdibles.es\/2019\/#website","url":"https:\/\/losimperdibles.es\/2019\/","name":"Imperdibles_04","description":"","potentialAction":[{"@type":"SearchAction","target":{"@type":"EntryPoint","urlTemplate":"https:\/\/losimperdibles.es\/2019\/?s={search_term_string}"},"query-input":"required name=search_term_string"}],"inLanguage":"es"},{"@type":"ImageObject","@id":"https:\/\/losimperdibles.es\/heroe-anonimo\/#primaryimage","inLanguage":"es","url":"https:\/\/losimperdibles.es\/2019\/wp-content\/uploads\/2019\/05\/H\u00e9roe-An\u00f3nimo-1.jpg","contentUrl":"https:\/\/losimperdibles.es\/2019\/wp-content\/uploads\/2019\/05\/H\u00e9roe-An\u00f3nimo-1.jpg","width":1201,"height":629},{"@type":"WebPage","@id":"https:\/\/losimperdibles.es\/heroe-anonimo\/#webpage","url":"https:\/\/losimperdibles.es\/heroe-anonimo\/","name":"H\u00c9ROE AN\u00d3NIMO - Imperdibles_04","isPartOf":{"@id":"https:\/\/losimperdibles.es\/2019\/#website"},"datePublished":"2019-04-22T11:05:29+00:00","dateModified":"2019-05-23T08:51:28+00:00","breadcrumb":{"@id":"https:\/\/losimperdibles.es\/heroe-anonimo\/#breadcrumb"},"inLanguage":"es","potentialAction":[{"@type":"ReadAction","target":["https:\/\/losimperdibles.es\/heroe-anonimo\/"]}]},{"@type":"BreadcrumbList","@id":"https:\/\/losimperdibles.es\/heroe-anonimo\/#breadcrumb","itemListElement":[{"@type":"ListItem","position":1,"name":"H\u00c9ROE AN\u00d3NIMO"}]}]}},"_links":{"self":[{"href":"https:\/\/losimperdibles.es\/2019\/wp-json\/wp\/v2\/pages\/2678"}],"collection":[{"href":"https:\/\/losimperdibles.es\/2019\/wp-json\/wp\/v2\/pages"}],"about":[{"href":"https:\/\/losimperdibles.es\/2019\/wp-json\/wp\/v2\/types\/page"}],"author":[{"embeddable":true,"href":"https:\/\/losimperdibles.es\/2019\/wp-json\/wp\/v2\/users\/1"}],"replies":[{"embeddable":true,"href":"https:\/\/losimperdibles.es\/2019\/wp-json\/wp\/v2\/comments?post=2678"}],"version-history":[{"count":18,"href":"https:\/\/losimperdibles.es\/2019\/wp-json\/wp\/v2\/pages\/2678\/revisions"}],"predecessor-version":[{"id":2682,"href":"https:\/\/losimperdibles.es\/2019\/wp-json\/wp\/v2\/pages\/2678\/revisions\/2682"}],"wp:attachment":[{"href":"https:\/\/losimperdibles.es\/2019\/wp-json\/wp\/v2\/media?parent=2678"}],"curies":[{"name":"wp","href":"https:\/\/api.w.org\/{rel}","templated":true}]}}